{"id":569,"date":"2022-01-10T17:44:00","date_gmt":"2022-01-10T16:44:00","guid":{"rendered":"https:\/\/www.llaganwood.com\/?page_id=569"},"modified":"2024-08-05T21:37:44","modified_gmt":"2024-08-05T19:37:44","slug":"imatge-corporativa","status":"publish","type":"page","link":"https:\/\/www.llaganwood.com\/es\/imatge-corporativa\/","title":{"rendered":"Imagen corporativa"},"content":{"rendered":"<p style=\"text-align: justify;\">\u00bfUn letrero? \u00bfUn logotipo con relieve?<\/p>\n<p style=\"text-align: justify;\" class=\"translation-block\">En <strong>Llagan Wood<\/strong>\u00a0 damos forma al interior y tambi\u00e9n exterior de tu negocio.<\/p>\n<p>Tu imagen corporativa marcar\u00e1 la diferencia.<\/p>\n<h3>Tenemos un sinf\u00edn de ideas\u2026 \u00bfhablamos?<\/h3>\n\t\t<div data-elementor-type=\"page\" data-elementor-id=\"1306\" class=\"elementor elementor-1306\" data-elementor-post-type=\"elementor_library\">\n\t\t\t\t\t\t<section class=\"elementor-section elementor-top-section elementor-element elementor-element-7ca3995 elementor-section-full_width elementor-section-height-default elementor-section-height-default\" data-id=\"7ca3995\" data-element_type=\"section\" data-e-type=\"section\">\n\t\t\t\t\t\t<div class=\"elementor-container elementor-column-gap-no\">\n\t\t\t\t\t<div class=\"elementor-column elementor-col-100 elementor-top-column elementor-element elementor-element-2075a63\" data-id=\"2075a63\" data-element_type=\"column\" data-e-type=\"column\">\n\t\t\t<div class=\"elementor-widget-wrap elementor-element-populated\">\n\t\t\t\t\t\t<div class=\"elementor-element elementor-element-3db3275 elementor-widget elementor-widget-gallery\" data-id=\"3db3275\" data-element_type=\"widget\" data-e-type=\"widget\" data-settings=\"{&quot;columns&quot;:3,&quot;gallery_layout&quot;:&quot;grid&quot;,&quot;columns_tablet&quot;:2,&quot;columns_mobile&quot;:1,&quot;gap&quot;:{&quot;unit&quot;:&quot;px&quot;,&quot;size&quot;:10,&quot;sizes&quot;:[]},&quot;gap_tablet&quot;:{&quot;unit&quot;:&quot;px&quot;,&quot;size&quot;:10,&quot;sizes&quot;:[]},&quot;gap_mobile&quot;:{&quot;unit&quot;:&quot;px&quot;,&quot;size&quot;:10,&quot;sizes&quot;:[]},&quot;link_to&quot;:&quot;file&quot;,&quot;aspect_ratio&quot;:&quot;3:2&quot;,&quot;overlay_background&quot;:&quot;yes&quot;,&quot;content_hover_animation&quot;:&quot;fade-in&quot;}\" data-widget_type=\"gallery.default\">\n\t\t\t\t\t\t\t<div class=\"elementor-gallery__container\">\n\t\t\t\t\t\t\t<a class=\"e-gallery-item elementor-gallery-item elementor-animated-content\" href=\"https:\/\/www.llaganwood.com\/wp-content\/uploads\/2023\/09\/Llagan-Wood-Imatge-corporativa-3.jpg\" data-elementor-open-lightbox=\"yes\" data-elementor-lightbox-slideshow=\"3db3275\" data-elementor-lightbox-title=\"Llagan Wood - Imatge corporativa\" data-e-action-hash=\"#elementor-action%3Aaction%3Dlightbox%26settings%3DeyJpZCI6MTc5MSwidXJsIjoiaHR0cHM6XC9cL3d3dy5sbGFnYW53b29kLmNvbVwvd3AtY29udGVudFwvdXBsb2Fkc1wvMjAyM1wvMDlcL0xsYWdhbi1Xb29kLUltYXRnZS1jb3Jwb3JhdGl2YS0zLmpwZyIsInNsaWRlc2hvdyI6IjNkYjMyNzUifQ%3D%3D\">\n\t\t\t\t\t<div class=\"e-gallery-image elementor-gallery-item__image\" data-thumbnail=\"https:\/\/www.llaganwood.com\/wp-content\/uploads\/2023\/09\/Llagan-Wood-Imatge-corporativa-3.jpg\" data-width=\"900\" data-height=\"450\" aria-label=\"Llagan Wood - Imagen corporativa\" role=\"img\" ><\/div>\n\t\t\t\t\t\t\t\t\t\t\t<div class=\"elementor-gallery-item__overlay\"><\/div>\n\t\t\t\t\t\t\t\t\t\t\t\t\t\t<\/a>\n\t\t\t\t\t\t\t<a class=\"e-gallery-item elementor-gallery-item elementor-animated-content\" href=\"https:\/\/www.llaganwood.com\/wp-content\/uploads\/2023\/09\/Llagan-Wood-Imatge-corporativa-5.jpg\" data-elementor-open-lightbox=\"yes\" data-elementor-lightbox-slideshow=\"3db3275\" data-elementor-lightbox-title=\"Llagan Wood - Imatge corporativa\" data-e-action-hash=\"#elementor-action%3Aaction%3Dlightbox%26settings%3DeyJpZCI6MTc5MywidXJsIjoiaHR0cHM6XC9cL3d3dy5sbGFnYW53b29kLmNvbVwvd3AtY29udGVudFwvdXBsb2Fkc1wvMjAyM1wvMDlcL0xsYWdhbi1Xb29kLUltYXRnZS1jb3Jwb3JhdGl2YS01LmpwZyIsInNsaWRlc2hvdyI6IjNkYjMyNzUifQ%3D%3D\">\n\t\t\t\t\t<div class=\"e-gallery-image elementor-gallery-item__image\" data-thumbnail=\"https:\/\/www.llaganwood.com\/wp-content\/uploads\/2023\/09\/Llagan-Wood-Imatge-corporativa-5.jpg\" data-width=\"888\" data-height=\"900\" aria-label=\"Llagan Wood - Imagen corporativa\" role=\"img\" ><\/div>\n\t\t\t\t\t\t\t\t\t\t\t<div class=\"elementor-gallery-item__overlay\"><\/div>\n\t\t\t\t\t\t\t\t\t\t\t\t\t\t<\/a>\n\t\t\t\t\t\t\t<a class=\"e-gallery-item elementor-gallery-item elementor-animated-content\" href=\"https:\/\/www.llaganwood.com\/wp-content\/uploads\/2023\/09\/Llagan-Wood-Imatge-corporativa-8.jpg\" data-elementor-open-lightbox=\"yes\" data-elementor-lightbox-slideshow=\"3db3275\" data-elementor-lightbox-title=\"Llagan Wood - Imatge corporativa\" data-e-action-hash=\"#elementor-action%3Aaction%3Dlightbox%26settings%3DeyJpZCI6MTc5NiwidXJsIjoiaHR0cHM6XC9cL3d3dy5sbGFnYW53b29kLmNvbVwvd3AtY29udGVudFwvdXBsb2Fkc1wvMjAyM1wvMDlcL0xsYWdhbi1Xb29kLUltYXRnZS1jb3Jwb3JhdGl2YS04LmpwZyIsInNsaWRlc2hvdyI6IjNkYjMyNzUifQ%3D%3D\">\n\t\t\t\t\t<div class=\"e-gallery-image elementor-gallery-item__image\" data-thumbnail=\"https:\/\/www.llaganwood.com\/wp-content\/uploads\/2023\/09\/Llagan-Wood-Imatge-corporativa-8.jpg\" data-width=\"900\" data-height=\"516\" aria-label=\"Llagan Wood - Imagen corporativa\" role=\"img\" ><\/div>\n\t\t\t\t\t\t\t\t\t\t\t<div class=\"elementor-gallery-item__overlay\"><\/div>\n\t\t\t\t\t\t\t\t\t\t\t\t\t\t<\/a>\n\t\t\t\t\t\t\t<a class=\"e-gallery-item elementor-gallery-item elementor-animated-content\" href=\"https:\/\/www.llaganwood.com\/wp-content\/uploads\/2023\/09\/Llagan-Wood-Imatge-corporativa-1.jpg\" data-elementor-open-lightbox=\"yes\" data-elementor-lightbox-slideshow=\"3db3275\" data-elementor-lightbox-title=\"Llagan Wood - Imatge corporativa\" data-e-action-hash=\"#elementor-action%3Aaction%3Dlightbox%26settings%3DeyJpZCI6MTc4OSwidXJsIjoiaHR0cHM6XC9cL3d3dy5sbGFnYW53b29kLmNvbVwvd3AtY29udGVudFwvdXBsb2Fkc1wvMjAyM1wvMDlcL0xsYWdhbi1Xb29kLUltYXRnZS1jb3Jwb3JhdGl2YS0xLmpwZyIsInNsaWRlc2hvdyI6IjNkYjMyNzUifQ%3D%3D\">\n\t\t\t\t\t<div class=\"e-gallery-image elementor-gallery-item__image\" data-thumbnail=\"https:\/\/www.llaganwood.com\/wp-content\/uploads\/2023\/09\/Llagan-Wood-Imatge-corporativa-1.jpg\" data-width=\"900\" data-height=\"675\" aria-label=\"Llagan Wood - Imagen corporativa\" role=\"img\" ><\/div>\n\t\t\t\t\t\t\t\t\t\t\t<div class=\"elementor-gallery-item__overlay\"><\/div>\n\t\t\t\t\t\t\t\t\t\t\t\t\t\t<\/a>\n\t\t\t\t\t\t\t<a class=\"e-gallery-item elementor-gallery-item elementor-animated-content\" href=\"https:\/\/www.llaganwood.com\/wp-content\/uploads\/2023\/09\/Llagan-Wood-Imatge-corporativa-4.jpg\" data-elementor-open-lightbox=\"yes\" data-elementor-lightbox-slideshow=\"3db3275\" data-elementor-lightbox-title=\"Llagan Wood - Imatge corporativa\" data-e-action-hash=\"#elementor-action%3Aaction%3Dlightbox%26settings%3DeyJpZCI6MTc5MiwidXJsIjoiaHR0cHM6XC9cL3d3dy5sbGFnYW53b29kLmNvbVwvd3AtY29udGVudFwvdXBsb2Fkc1wvMjAyM1wvMDlcL0xsYWdhbi1Xb29kLUltYXRnZS1jb3Jwb3JhdGl2YS00LmpwZyIsInNsaWRlc2hvdyI6IjNkYjMyNzUifQ%3D%3D\">\n\t\t\t\t\t<div class=\"e-gallery-image elementor-gallery-item__image\" data-thumbnail=\"https:\/\/www.llaganwood.com\/wp-content\/uploads\/2023\/09\/Llagan-Wood-Imatge-corporativa-4.jpg\" data-width=\"900\" data-height=\"450\" aria-label=\"Llagan Wood - Imagen corporativa\" role=\"img\" ><\/div>\n\t\t\t\t\t\t\t\t\t\t\t<div class=\"elementor-gallery-item__overlay\"><\/div>\n\t\t\t\t\t\t\t\t\t\t\t\t\t\t<\/a>\n\t\t\t\t\t\t\t<a class=\"e-gallery-item elementor-gallery-item elementor-animated-content\" href=\"https:\/\/www.llaganwood.com\/wp-content\/uploads\/2023\/09\/Llagan-Wood-Imatge-corporativa-9.jpg\" data-elementor-open-lightbox=\"yes\" data-elementor-lightbox-slideshow=\"3db3275\" data-elementor-lightbox-title=\"Llagan Wood - Imatge corporativa\" data-e-action-hash=\"#elementor-action%3Aaction%3Dlightbox%26settings%3DeyJpZCI6MTc5NywidXJsIjoiaHR0cHM6XC9cL3d3dy5sbGFnYW53b29kLmNvbVwvd3AtY29udGVudFwvdXBsb2Fkc1wvMjAyM1wvMDlcL0xsYWdhbi1Xb29kLUltYXRnZS1jb3Jwb3JhdGl2YS05LmpwZyIsInNsaWRlc2hvdyI6IjNkYjMyNzUifQ%3D%3D\">\n\t\t\t\t\t<div class=\"e-gallery-image elementor-gallery-item__image\" data-thumbnail=\"https:\/\/www.llaganwood.com\/wp-content\/uploads\/2023\/09\/Llagan-Wood-Imatge-corporativa-9.jpg\" data-width=\"900\" data-height=\"726\" aria-label=\"Llagan Wood - Imagen corporativa\" role=\"img\" ><\/div>\n\t\t\t\t\t\t\t\t\t\t\t<div class=\"elementor-gallery-item__overlay\"><\/div>\n\t\t\t\t\t\t\t\t\t\t\t\t\t\t<\/a>\n\t\t\t\t\t\t\t<a class=\"e-gallery-item elementor-gallery-item elementor-animated-content\" href=\"https:\/\/www.llaganwood.com\/wp-content\/uploads\/2023\/09\/Llagan-Wood-Imatge-corporativa-6.jpg\" data-elementor-open-lightbox=\"yes\" data-elementor-lightbox-slideshow=\"3db3275\" data-elementor-lightbox-title=\"Llagan Wood - Imatge corporativa\" data-e-action-hash=\"#elementor-action%3Aaction%3Dlightbox%26settings%3DeyJpZCI6MTc5NCwidXJsIjoiaHR0cHM6XC9cL3d3dy5sbGFnYW53b29kLmNvbVwvd3AtY29udGVudFwvdXBsb2Fkc1wvMjAyM1wvMDlcL0xsYWdhbi1Xb29kLUltYXRnZS1jb3Jwb3JhdGl2YS02LmpwZyIsInNsaWRlc2hvdyI6IjNkYjMyNzUifQ%3D%3D\">\n\t\t\t\t\t<div class=\"e-gallery-image elementor-gallery-item__image\" data-thumbnail=\"https:\/\/www.llaganwood.com\/wp-content\/uploads\/2023\/09\/Llagan-Wood-Imatge-corporativa-6.jpg\" data-width=\"900\" data-height=\"675\" aria-label=\"Llagan Wood - Imagen corporativa\" role=\"img\" ><\/div>\n\t\t\t\t\t\t\t\t\t\t\t<div class=\"elementor-gallery-item__overlay\"><\/div>\n\t\t\t\t\t\t\t\t\t\t\t\t\t\t<\/a>\n\t\t\t\t\t\t\t<a class=\"e-gallery-item elementor-gallery-item elementor-animated-content\" href=\"https:\/\/www.llaganwood.com\/wp-content\/uploads\/2023\/09\/Llagan-Wood-Imatge-corporativa-2.jpg\" data-elementor-open-lightbox=\"yes\" data-elementor-lightbox-slideshow=\"3db3275\" data-elementor-lightbox-title=\"Llagan Wood - Imatge corporativa\" data-e-action-hash=\"#elementor-action%3Aaction%3Dlightbox%26settings%3DeyJpZCI6MTc5MCwidXJsIjoiaHR0cHM6XC9cL3d3dy5sbGFnYW53b29kLmNvbVwvd3AtY29udGVudFwvdXBsb2Fkc1wvMjAyM1wvMDlcL0xsYWdhbi1Xb29kLUltYXRnZS1jb3Jwb3JhdGl2YS0yLmpwZyIsInNsaWRlc2hvdyI6IjNkYjMyNzUifQ%3D%3D\">\n\t\t\t\t\t<div class=\"e-gallery-image elementor-gallery-item__image\" data-thumbnail=\"https:\/\/www.llaganwood.com\/wp-content\/uploads\/2023\/09\/Llagan-Wood-Imatge-corporativa-2.jpg\" data-width=\"900\" data-height=\"675\" aria-label=\"Llagan Wood - Imagen corporativa\" role=\"img\" ><\/div>\n\t\t\t\t\t\t\t\t\t\t\t<div class=\"elementor-gallery-item__overlay\"><\/div>\n\t\t\t\t\t\t\t\t\t\t\t\t\t\t<\/a>\n\t\t\t\t\t\t\t<a class=\"e-gallery-item elementor-gallery-item elementor-animated-content\" href=\"https:\/\/www.llaganwood.com\/wp-content\/uploads\/2023\/09\/Llagan-Wood-Imatge-corporativa-7.jpg\" data-elementor-open-lightbox=\"yes\" data-elementor-lightbox-slideshow=\"3db3275\" data-elementor-lightbox-title=\"Llagan Wood - Imatge corporativa\" data-e-action-hash=\"#elementor-action%3Aaction%3Dlightbox%26settings%3DeyJpZCI6MTc5NSwidXJsIjoiaHR0cHM6XC9cL3d3dy5sbGFnYW53b29kLmNvbVwvd3AtY29udGVudFwvdXBsb2Fkc1wvMjAyM1wvMDlcL0xsYWdhbi1Xb29kLUltYXRnZS1jb3Jwb3JhdGl2YS03LmpwZyIsInNsaWRlc2hvdyI6IjNkYjMyNzUifQ%3D%3D\">\n\t\t\t\t\t<div class=\"e-gallery-image elementor-gallery-item__image\" data-thumbnail=\"https:\/\/www.llaganwood.com\/wp-content\/uploads\/2023\/09\/Llagan-Wood-Imatge-corporativa-7.jpg\" data-width=\"900\" data-height=\"506\" aria-label=\"Llagan Wood - Imagen corporativa\" role=\"img\" ><\/div>\n\t\t\t\t\t\t\t\t\t\t\t<div class=\"elementor-gallery-item__overlay\"><\/div>\n\t\t\t\t\t\t\t\t\t\t\t\t\t\t<\/a>\n\t\t\t\t\t<\/div>\n\t\t\t\t\t<\/div>\n\t\t\t\t\t<\/div>\n\t\t<\/div>\n\t\t\t\t\t<\/div>\n\t\t<\/section>\n\t\t\t\t<\/div>","protected":false},"excerpt":{"rendered":"<p>Un r\u00e8tol? Un logotip amb relleu? A Llagan Wood donem forma a l\u2019interior i tamb\u00e9 exterior del teu negoci. La teva imatge corporativa marcar\u00e0 la difer\u00e8ncia. Tenim un munt d\u2019idees\u2026 en parlem?<\/p>","protected":false},"author":1,"featured_media":1685,"parent":0,"menu_order":0,"comment_status":"closed","ping_status":"closed","template":"templates\/page-fullwidth_template.php","meta":{"footnotes":""},"class_list":["post-569","page","type-page","status-publish","has-post-thumbnail","hentry"],"yoast_head":"<!-- This site is optimized with the Yoast SEO Premium plugin v27.2 (Yoast SEO v27.4) - https:\/\/yoast.com\/product\/yoast-seo-premium-wordpress\/ -->\n<title>Imatge corporativa - Llagan Wood<\/title>\n<meta name=\"description\" content=\"Un r\u00e8tol, un logotip amb relleu? Donem forma a l\u2019interior i tamb\u00e9 exterior del teu negoci. La teva imatge corporativa marcar\u00e0 la difer\u00e8ncia.\" \/>\n<meta name=\"robots\" content=\"index, follow, max-snippet:-1, max-image-preview:large, max-video-preview:-1\" \/>\n<link rel=\"canonical\" href=\"https:\/\/www.llaganwood.com\/es\/imatge-corporativa\/\" \/>\n<meta property=\"og:locale\" content=\"es_ES\" \/>\n<meta property=\"og:type\" content=\"article\" \/>\n<meta property=\"og:title\" content=\"Imatge corporativa\" \/>\n<meta property=\"og:description\" content=\"Un r\u00e8tol, un logotip amb relleu? Donem forma a l\u2019interior i tamb\u00e9 exterior del teu negoci. La teva imatge corporativa marcar\u00e0 la difer\u00e8ncia.\" \/>\n<meta property=\"og:url\" content=\"https:\/\/www.llaganwood.com\/es\/imatge-corporativa\/\" \/>\n<meta property=\"og:site_name\" content=\"Llagan Wood\" \/>\n<meta property=\"article:publisher\" content=\"https:\/\/www.facebook.com\/fusteriapadros\" \/>\n<meta property=\"article:modified_time\" content=\"2024-08-05T19:37:44+00:00\" \/>\n<meta property=\"og:image\" content=\"https:\/\/www.llaganwood.com\/wp-content\/uploads\/2023\/09\/Llagan-Wood-Imatge-corporativa.jpg\" \/>\n\t<meta property=\"og:image:width\" content=\"1400\" \/>\n\t<meta property=\"og:image:height\" content=\"380\" \/>\n\t<meta property=\"og:image:type\" content=\"image\/jpeg\" \/>\n<meta name=\"twitter:card\" content=\"summary_large_image\" \/>\n<meta name=\"twitter:label1\" content=\"Tiempo de lectura\" \/>\n\t<meta name=\"twitter:data1\" content=\"1 minuto\" \/>\n<script type=\"application\/ld+json\" class=\"yoast-schema-graph\">{\"@context\":\"https:\\\/\\\/schema.org\",\"@graph\":[{\"@type\":\"WebPage\",\"@id\":\"https:\\\/\\\/www.llaganwood.com\\\/imatge-corporativa\\\/\",\"url\":\"https:\\\/\\\/www.llaganwood.com\\\/imatge-corporativa\\\/\",\"name\":\"Imatge corporativa - Llagan Wood\",\"isPartOf\":{\"@id\":\"https:\\\/\\\/www.llaganwood.com\\\/#website\"},\"primaryImageOfPage\":{\"@id\":\"https:\\\/\\\/www.llaganwood.com\\\/imatge-corporativa\\\/#primaryimage\"},\"image\":{\"@id\":\"https:\\\/\\\/www.llaganwood.com\\\/imatge-corporativa\\\/#primaryimage\"},\"thumbnailUrl\":\"https:\\\/\\\/www.llaganwood.com\\\/wp-content\\\/uploads\\\/2023\\\/09\\\/Llagan-Wood-Imatge-corporativa.jpg\",\"datePublished\":\"2022-01-10T16:44:00+00:00\",\"dateModified\":\"2024-08-05T19:37:44+00:00\",\"description\":\"Un r\u00e8tol, un logotip amb relleu? Donem forma a l\u2019interior i tamb\u00e9 exterior del teu negoci. La teva imatge corporativa marcar\u00e0 la difer\u00e8ncia.\",\"breadcrumb\":{\"@id\":\"https:\\\/\\\/www.llaganwood.com\\\/imatge-corporativa\\\/#breadcrumb\"},\"inLanguage\":\"es\",\"potentialAction\":[{\"@type\":\"ReadAction\",\"target\":[\"https:\\\/\\\/www.llaganwood.com\\\/imatge-corporativa\\\/\"]}]},{\"@type\":\"ImageObject\",\"inLanguage\":\"es\",\"@id\":\"https:\\\/\\\/www.llaganwood.com\\\/imatge-corporativa\\\/#primaryimage\",\"url\":\"https:\\\/\\\/www.llaganwood.com\\\/wp-content\\\/uploads\\\/2023\\\/09\\\/Llagan-Wood-Imatge-corporativa.jpg\",\"contentUrl\":\"https:\\\/\\\/www.llaganwood.com\\\/wp-content\\\/uploads\\\/2023\\\/09\\\/Llagan-Wood-Imatge-corporativa.jpg\",\"width\":1400,\"height\":380,\"caption\":\"Llagan Wood - Imatge corporativa\"},{\"@type\":\"BreadcrumbList\",\"@id\":\"https:\\\/\\\/www.llaganwood.com\\\/imatge-corporativa\\\/#breadcrumb\",\"itemListElement\":[{\"@type\":\"ListItem\",\"position\":1,\"name\":\"Home\",\"item\":\"https:\\\/\\\/www.llaganwood.com\\\/\"},{\"@type\":\"ListItem\",\"position\":2,\"name\":\"Imatge corporativa\"}]},{\"@type\":\"WebSite\",\"@id\":\"https:\\\/\\\/www.llaganwood.com\\\/#website\",\"url\":\"https:\\\/\\\/www.llaganwood.com\\\/\",\"name\":\"Llagan Wood\",\"description\":\"Sant Feliu de Gu\u00edxols\",\"publisher\":{\"@id\":\"https:\\\/\\\/www.llaganwood.com\\\/#organization\"},\"potentialAction\":[{\"@type\":\"SearchAction\",\"target\":{\"@type\":\"EntryPoint\",\"urlTemplate\":\"https:\\\/\\\/www.llaganwood.com\\\/?s={search_term_string}\"},\"query-input\":{\"@type\":\"PropertyValueSpecification\",\"valueRequired\":true,\"valueName\":\"search_term_string\"}}],\"inLanguage\":\"es\"},{\"@type\":\"Organization\",\"@id\":\"https:\\\/\\\/www.llaganwood.com\\\/#organization\",\"name\":\"Llagan Wood\",\"url\":\"https:\\\/\\\/www.llaganwood.com\\\/\",\"logo\":{\"@type\":\"ImageObject\",\"inLanguage\":\"es\",\"@id\":\"https:\\\/\\\/www.llaganwood.com\\\/#\\\/schema\\\/logo\\\/image\\\/\",\"url\":\"https:\\\/\\\/www.llaganwood.com\\\/wp-content\\\/uploads\\\/2022\\\/01\\\/Fusteria-Padros-Llagan-Wood-Logo-Horitzontal.png\",\"contentUrl\":\"https:\\\/\\\/www.llaganwood.com\\\/wp-content\\\/uploads\\\/2022\\\/01\\\/Fusteria-Padros-Llagan-Wood-Logo-Horitzontal.png\",\"width\":260,\"height\":73,\"caption\":\"Llagan Wood\"},\"image\":{\"@id\":\"https:\\\/\\\/www.llaganwood.com\\\/#\\\/schema\\\/logo\\\/image\\\/\"},\"sameAs\":[\"https:\\\/\\\/www.facebook.com\\\/fusteriapadros\",\"https:\\\/\\\/www.instagram.com\\\/llaganwood\\\/\"]}]}<\/script>\n<!-- \/ Yoast SEO Premium plugin. -->","yoast_head_json":{"title":"Imagen corporativa - Llagan Wood","description":"Un r\u00e8tol, un logotip amb relleu? Donem forma a l\u2019interior i tamb\u00e9 exterior del teu negoci. La teva imatge corporativa marcar\u00e0 la difer\u00e8ncia.","robots":{"index":"index","follow":"follow","max-snippet":"max-snippet:-1","max-image-preview":"max-image-preview:large","max-video-preview":"max-video-preview:-1"},"canonical":"https:\/\/www.llaganwood.com\/es\/imatge-corporativa\/","og_locale":"es_ES","og_type":"article","og_title":"Imatge corporativa","og_description":"Un r\u00e8tol, un logotip amb relleu? Donem forma a l\u2019interior i tamb\u00e9 exterior del teu negoci. La teva imatge corporativa marcar\u00e0 la difer\u00e8ncia.","og_url":"https:\/\/www.llaganwood.com\/es\/imatge-corporativa\/","og_site_name":"Llagan Wood","article_publisher":"https:\/\/www.facebook.com\/fusteriapadros","article_modified_time":"2024-08-05T19:37:44+00:00","og_image":[{"width":1400,"height":380,"url":"https:\/\/www.llaganwood.com\/wp-content\/uploads\/2023\/09\/Llagan-Wood-Imatge-corporativa.jpg","type":"image\/jpeg"}],"twitter_card":"summary_large_image","twitter_misc":{"Tiempo de lectura":"1 minuto"},"schema":{"@context":"https:\/\/schema.org","@graph":[{"@type":"WebPage","@id":"https:\/\/www.llaganwood.com\/imatge-corporativa\/","url":"https:\/\/www.llaganwood.com\/imatge-corporativa\/","name":"Imagen corporativa - Llagan Wood","isPartOf":{"@id":"https:\/\/www.llaganwood.com\/#website"},"primaryImageOfPage":{"@id":"https:\/\/www.llaganwood.com\/imatge-corporativa\/#primaryimage"},"image":{"@id":"https:\/\/www.llaganwood.com\/imatge-corporativa\/#primaryimage"},"thumbnailUrl":"https:\/\/www.llaganwood.com\/wp-content\/uploads\/2023\/09\/Llagan-Wood-Imatge-corporativa.jpg","datePublished":"2022-01-10T16:44:00+00:00","dateModified":"2024-08-05T19:37:44+00:00","description":"Un r\u00e8tol, un logotip amb relleu? Donem forma a l\u2019interior i tamb\u00e9 exterior del teu negoci. La teva imatge corporativa marcar\u00e0 la difer\u00e8ncia.","breadcrumb":{"@id":"https:\/\/www.llaganwood.com\/imatge-corporativa\/#breadcrumb"},"inLanguage":"es","potentialAction":[{"@type":"ReadAction","target":["https:\/\/www.llaganwood.com\/imatge-corporativa\/"]}]},{"@type":"ImageObject","inLanguage":"es","@id":"https:\/\/www.llaganwood.com\/imatge-corporativa\/#primaryimage","url":"https:\/\/www.llaganwood.com\/wp-content\/uploads\/2023\/09\/Llagan-Wood-Imatge-corporativa.jpg","contentUrl":"https:\/\/www.llaganwood.com\/wp-content\/uploads\/2023\/09\/Llagan-Wood-Imatge-corporativa.jpg","width":1400,"height":380,"caption":"Llagan Wood - Imatge corporativa"},{"@type":"BreadcrumbList","@id":"https:\/\/www.llaganwood.com\/imatge-corporativa\/#breadcrumb","itemListElement":[{"@type":"ListItem","position":1,"name":"Home","item":"https:\/\/www.llaganwood.com\/"},{"@type":"ListItem","position":2,"name":"Imatge corporativa"}]},{"@type":"WebSite","@id":"https:\/\/www.llaganwood.com\/#website","url":"https:\/\/www.llaganwood.com\/","name":"Llagan Wood","description":"Sant Feliu de Gu\u00edxols","publisher":{"@id":"https:\/\/www.llaganwood.com\/#organization"},"potentialAction":[{"@type":"SearchAction","target":{"@type":"EntryPoint","urlTemplate":"https:\/\/www.llaganwood.com\/?s={search_term_string}"},"query-input":{"@type":"PropertyValueSpecification","valueRequired":true,"valueName":"search_term_string"}}],"inLanguage":"es"},{"@type":"Organization","@id":"https:\/\/www.llaganwood.com\/#organization","name":"Llagan Wood","url":"https:\/\/www.llaganwood.com\/","logo":{"@type":"ImageObject","inLanguage":"es","@id":"https:\/\/www.llaganwood.com\/#\/schema\/logo\/image\/","url":"https:\/\/www.llaganwood.com\/wp-content\/uploads\/2022\/01\/Fusteria-Padros-Llagan-Wood-Logo-Horitzontal.png","contentUrl":"https:\/\/www.llaganwood.com\/wp-content\/uploads\/2022\/01\/Fusteria-Padros-Llagan-Wood-Logo-Horitzontal.png","width":260,"height":73,"caption":"Llagan Wood"},"image":{"@id":"https:\/\/www.llaganwood.com\/#\/schema\/logo\/image\/"},"sameAs":["https:\/\/www.facebook.com\/fusteriapadros","https:\/\/www.instagram.com\/llaganwood\/"]}]}},"_links":{"self":[{"href":"https:\/\/www.llaganwood.com\/es\/wp-json\/wp\/v2\/pages\/569","targetHints":{"allow":["GET"]}}],"collection":[{"href":"https:\/\/www.llaganwood.com\/es\/wp-json\/wp\/v2\/pages"}],"about":[{"href":"https:\/\/www.llaganwood.com\/es\/wp-json\/wp\/v2\/types\/page"}],"author":[{"embeddable":true,"href":"https:\/\/www.llaganwood.com\/es\/wp-json\/wp\/v2\/users\/1"}],"replies":[{"embeddable":true,"href":"https:\/\/www.llaganwood.com\/es\/wp-json\/wp\/v2\/comments?post=569"}],"version-history":[{"count":0,"href":"https:\/\/www.llaganwood.com\/es\/wp-json\/wp\/v2\/pages\/569\/revisions"}],"wp:featuredmedia":[{"embeddable":true,"href":"https:\/\/www.llaganwood.com\/es\/wp-json\/wp\/v2\/media\/1685"}],"wp:attachment":[{"href":"https:\/\/www.llaganwood.com\/es\/wp-json\/wp\/v2\/media?parent=569"}],"curies":[{"name":"wp","href":"https:\/\/api.w.org\/{rel}","templated":true}]}}