{"id":558,"date":"2022-01-10T16:57:58","date_gmt":"2022-01-10T15:57:58","guid":{"rendered":"https:\/\/www.llaganwood.com\/?page_id=558"},"modified":"2024-08-05T21:39:02","modified_gmt":"2024-08-05T19:39:02","slug":"tancaments","status":"publish","type":"page","link":"https:\/\/www.llaganwood.com\/es\/tancaments\/","title":{"rendered":"Cerramientos"},"content":{"rendered":"<p style=\"text-align: justify;\">Colocamos puertas y ventanas con estilo\u2026 \u00a1a tu estilo!<\/p>\n<p style=\"text-align: justify;\">Elige: moderno y funcional, cl\u00e1sico y r\u00fastico\u2026<\/p>\n<p style=\"text-align: justify;\">Y es que la madera es un material ideal para cualquier tipo de cierre. Unas cualidades est\u00e9ticas excepcionales y gran aislamiento t\u00e9rmico y ac\u00fastico.<\/p>\n<h3>\u00a1Conf\u00eda en nuestro equipo!<\/h3>\n\t\t<div data-elementor-type=\"page\" data-elementor-id=\"1176\" class=\"elementor elementor-1176\" data-elementor-post-type=\"elementor_library\">\n\t\t\t\t\t\t<section class=\"elementor-section elementor-top-section elementor-element elementor-element-3fd43b1 elementor-section-full_width elementor-section-height-default elementor-section-height-default\" data-id=\"3fd43b1\" data-element_type=\"section\" data-e-type=\"section\">\n\t\t\t\t\t\t<div class=\"elementor-container elementor-column-gap-no\">\n\t\t\t\t\t<div class=\"elementor-column elementor-col-100 elementor-top-column elementor-element elementor-element-b7f4e01\" data-id=\"b7f4e01\" data-element_type=\"column\" data-e-type=\"column\">\n\t\t\t<div class=\"elementor-widget-wrap elementor-element-populated\">\n\t\t\t\t\t\t<div class=\"elementor-element elementor-element-0b1d215 elementor-widget elementor-widget-gallery\" data-id=\"0b1d215\" data-element_type=\"widget\" data-e-type=\"widget\" data-settings=\"{&quot;columns&quot;:3,&quot;gallery_layout&quot;:&quot;grid&quot;,&quot;columns_tablet&quot;:2,&quot;columns_mobile&quot;:1,&quot;gap&quot;:{&quot;unit&quot;:&quot;px&quot;,&quot;size&quot;:10,&quot;sizes&quot;:[]},&quot;gap_tablet&quot;:{&quot;unit&quot;:&quot;px&quot;,&quot;size&quot;:10,&quot;sizes&quot;:[]},&quot;gap_mobile&quot;:{&quot;unit&quot;:&quot;px&quot;,&quot;size&quot;:10,&quot;sizes&quot;:[]},&quot;link_to&quot;:&quot;file&quot;,&quot;aspect_ratio&quot;:&quot;3:2&quot;,&quot;overlay_background&quot;:&quot;yes&quot;,&quot;content_hover_animation&quot;:&quot;fade-in&quot;}\" data-widget_type=\"gallery.default\">\n\t\t\t\t\t\t\t<div class=\"elementor-gallery__container\">\n\t\t\t\t\t\t\t<a class=\"e-gallery-item elementor-gallery-item elementor-animated-content\" href=\"https:\/\/www.llaganwood.com\/wp-content\/uploads\/2024\/09\/Llagan-Wood-Tancaments-13.jpg\" data-elementor-open-lightbox=\"yes\" data-elementor-lightbox-slideshow=\"0b1d215\" data-elementor-lightbox-title=\"Llagan Wood - Tancaments\" data-e-action-hash=\"#elementor-action%3Aaction%3Dlightbox%26settings%3DeyJpZCI6MjQxMiwidXJsIjoiaHR0cHM6XC9cL3d3dy5sbGFnYW53b29kLmNvbVwvd3AtY29udGVudFwvdXBsb2Fkc1wvMjAyNFwvMDlcL0xsYWdhbi1Xb29kLVRhbmNhbWVudHMtMTMuanBnIiwic2xpZGVzaG93IjoiMGIxZDIxNSJ9\">\n\t\t\t\t\t<div class=\"e-gallery-image elementor-gallery-item__image\" data-thumbnail=\"https:\/\/www.llaganwood.com\/wp-content\/uploads\/2024\/09\/Llagan-Wood-Tancaments-13.jpg\" data-width=\"722\" data-height=\"900\" aria-label=\"Llagan Wood - Cerramientos\" role=\"img\" ><\/div>\n\t\t\t\t\t\t\t\t\t\t\t<div class=\"elementor-gallery-item__overlay\"><\/div>\n\t\t\t\t\t\t\t\t\t\t\t\t\t\t<\/a>\n\t\t\t\t\t\t\t<a class=\"e-gallery-item elementor-gallery-item elementor-animated-content\" href=\"https:\/\/www.llaganwood.com\/wp-content\/uploads\/2023\/09\/Llagan-Wood-Tancaments-1.jpg\" data-elementor-open-lightbox=\"yes\" data-elementor-lightbox-slideshow=\"0b1d215\" data-elementor-lightbox-title=\"Llagan Wood - Tancaments\" data-e-action-hash=\"#elementor-action%3Aaction%3Dlightbox%26settings%3DeyJpZCI6MTY5MywidXJsIjoiaHR0cHM6XC9cL3d3dy5sbGFnYW53b29kLmNvbVwvd3AtY29udGVudFwvdXBsb2Fkc1wvMjAyM1wvMDlcL0xsYWdhbi1Xb29kLVRhbmNhbWVudHMtMS5qcGciLCJzbGlkZXNob3ciOiIwYjFkMjE1In0%3D\">\n\t\t\t\t\t<div class=\"e-gallery-image elementor-gallery-item__image\" data-thumbnail=\"https:\/\/www.llaganwood.com\/wp-content\/uploads\/2023\/09\/Llagan-Wood-Tancaments-1.jpg\" data-width=\"678\" data-height=\"900\" aria-label=\"Llagan Wood - Cerramientos\" role=\"img\" ><\/div>\n\t\t\t\t\t\t\t\t\t\t\t<div class=\"elementor-gallery-item__overlay\"><\/div>\n\t\t\t\t\t\t\t\t\t\t\t\t\t\t<\/a>\n\t\t\t\t\t\t\t<a class=\"e-gallery-item elementor-gallery-item elementor-animated-content\" href=\"https:\/\/www.llaganwood.com\/wp-content\/uploads\/2023\/09\/Llagan-Wood-Tancaments-9.jpg\" data-elementor-open-lightbox=\"yes\" data-elementor-lightbox-slideshow=\"0b1d215\" data-elementor-lightbox-title=\"Llagan Wood - Tancaments\" data-e-action-hash=\"#elementor-action%3Aaction%3Dlightbox%26settings%3DeyJpZCI6MTcwMSwidXJsIjoiaHR0cHM6XC9cL3d3dy5sbGFnYW53b29kLmNvbVwvd3AtY29udGVudFwvdXBsb2Fkc1wvMjAyM1wvMDlcL0xsYWdhbi1Xb29kLVRhbmNhbWVudHMtOS5qcGciLCJzbGlkZXNob3ciOiIwYjFkMjE1In0%3D\">\n\t\t\t\t\t<div class=\"e-gallery-image elementor-gallery-item__image\" data-thumbnail=\"https:\/\/www.llaganwood.com\/wp-content\/uploads\/2023\/09\/Llagan-Wood-Tancaments-9.jpg\" data-width=\"900\" data-height=\"610\" aria-label=\"Llagan Wood - Cerramientos\" role=\"img\" ><\/div>\n\t\t\t\t\t\t\t\t\t\t\t<div class=\"elementor-gallery-item__overlay\"><\/div>\n\t\t\t\t\t\t\t\t\t\t\t\t\t\t<\/a>\n\t\t\t\t\t\t\t<a class=\"e-gallery-item elementor-gallery-item elementor-animated-content\" href=\"https:\/\/www.llaganwood.com\/wp-content\/uploads\/2023\/09\/Llagan-Wood-Tancaments-8.jpg\" data-elementor-open-lightbox=\"yes\" data-elementor-lightbox-slideshow=\"0b1d215\" data-elementor-lightbox-title=\"Llagan Wood - Tancaments\" data-e-action-hash=\"#elementor-action%3Aaction%3Dlightbox%26settings%3DeyJpZCI6MTcwMCwidXJsIjoiaHR0cHM6XC9cL3d3dy5sbGFnYW53b29kLmNvbVwvd3AtY29udGVudFwvdXBsb2Fkc1wvMjAyM1wvMDlcL0xsYWdhbi1Xb29kLVRhbmNhbWVudHMtOC5qcGciLCJzbGlkZXNob3ciOiIwYjFkMjE1In0%3D\">\n\t\t\t\t\t<div class=\"e-gallery-image elementor-gallery-item__image\" data-thumbnail=\"https:\/\/www.llaganwood.com\/wp-content\/uploads\/2023\/09\/Llagan-Wood-Tancaments-8.jpg\" data-width=\"900\" data-height=\"1032\" aria-label=\"Llagan Wood - Cerramientos\" role=\"img\" ><\/div>\n\t\t\t\t\t\t\t\t\t\t\t<div class=\"elementor-gallery-item__overlay\"><\/div>\n\t\t\t\t\t\t\t\t\t\t\t\t\t\t<\/a>\n\t\t\t\t\t\t\t<a class=\"e-gallery-item elementor-gallery-item elementor-animated-content\" href=\"https:\/\/www.llaganwood.com\/wp-content\/uploads\/2023\/09\/Llagan-Wood-Tancaments-5.jpg\" data-elementor-open-lightbox=\"yes\" data-elementor-lightbox-slideshow=\"0b1d215\" data-elementor-lightbox-title=\"Llagan Wood - Tancaments\" data-e-action-hash=\"#elementor-action%3Aaction%3Dlightbox%26settings%3DeyJpZCI6MTY5NywidXJsIjoiaHR0cHM6XC9cL3d3dy5sbGFnYW53b29kLmNvbVwvd3AtY29udGVudFwvdXBsb2Fkc1wvMjAyM1wvMDlcL0xsYWdhbi1Xb29kLVRhbmNhbWVudHMtNS5qcGciLCJzbGlkZXNob3ciOiIwYjFkMjE1In0%3D\">\n\t\t\t\t\t<div class=\"e-gallery-image elementor-gallery-item__image\" data-thumbnail=\"https:\/\/www.llaganwood.com\/wp-content\/uploads\/2023\/09\/Llagan-Wood-Tancaments-5.jpg\" data-width=\"900\" data-height=\"656\" aria-label=\"Llagan Wood - Cerramientos\" role=\"img\" ><\/div>\n\t\t\t\t\t\t\t\t\t\t\t<div class=\"elementor-gallery-item__overlay\"><\/div>\n\t\t\t\t\t\t\t\t\t\t\t\t\t\t<\/a>\n\t\t\t\t\t\t\t<a class=\"e-gallery-item elementor-gallery-item elementor-animated-content\" href=\"https:\/\/www.llaganwood.com\/wp-content\/uploads\/2023\/09\/Llagan-Wood-Tancaments-7.jpg\" data-elementor-open-lightbox=\"yes\" data-elementor-lightbox-slideshow=\"0b1d215\" data-elementor-lightbox-title=\"Llagan Wood - Tancaments\" data-e-action-hash=\"#elementor-action%3Aaction%3Dlightbox%26settings%3DeyJpZCI6MTY5OSwidXJsIjoiaHR0cHM6XC9cL3d3dy5sbGFnYW53b29kLmNvbVwvd3AtY29udGVudFwvdXBsb2Fkc1wvMjAyM1wvMDlcL0xsYWdhbi1Xb29kLVRhbmNhbWVudHMtNy5qcGciLCJzbGlkZXNob3ciOiIwYjFkMjE1In0%3D\">\n\t\t\t\t\t<div class=\"e-gallery-image elementor-gallery-item__image\" data-thumbnail=\"https:\/\/www.llaganwood.com\/wp-content\/uploads\/2023\/09\/Llagan-Wood-Tancaments-7.jpg\" data-width=\"900\" data-height=\"752\" aria-label=\"Llagan Wood - Cerramientos\" role=\"img\" ><\/div>\n\t\t\t\t\t\t\t\t\t\t\t<div class=\"elementor-gallery-item__overlay\"><\/div>\n\t\t\t\t\t\t\t\t\t\t\t\t\t\t<\/a>\n\t\t\t\t\t\t\t<a class=\"e-gallery-item elementor-gallery-item elementor-animated-content\" href=\"https:\/\/www.llaganwood.com\/wp-content\/uploads\/2023\/09\/Llagan-Wood-Tancaments-2.jpg\" data-elementor-open-lightbox=\"yes\" data-elementor-lightbox-slideshow=\"0b1d215\" data-elementor-lightbox-title=\"Llagan Wood - Tancaments\" data-e-action-hash=\"#elementor-action%3Aaction%3Dlightbox%26settings%3DeyJpZCI6MTY5NCwidXJsIjoiaHR0cHM6XC9cL3d3dy5sbGFnYW53b29kLmNvbVwvd3AtY29udGVudFwvdXBsb2Fkc1wvMjAyM1wvMDlcL0xsYWdhbi1Xb29kLVRhbmNhbWVudHMtMi5qcGciLCJzbGlkZXNob3ciOiIwYjFkMjE1In0%3D\">\n\t\t\t\t\t<div class=\"e-gallery-image elementor-gallery-item__image\" data-thumbnail=\"https:\/\/www.llaganwood.com\/wp-content\/uploads\/2023\/09\/Llagan-Wood-Tancaments-2.jpg\" data-width=\"900\" data-height=\"635\" aria-label=\"Llagan Wood - Cerramientos\" role=\"img\" ><\/div>\n\t\t\t\t\t\t\t\t\t\t\t<div class=\"elementor-gallery-item__overlay\"><\/div>\n\t\t\t\t\t\t\t\t\t\t\t\t\t\t<\/a>\n\t\t\t\t\t\t\t<a class=\"e-gallery-item elementor-gallery-item elementor-animated-content\" href=\"https:\/\/www.llaganwood.com\/wp-content\/uploads\/2023\/09\/Llagan-Wood-Tancaments-4.jpg\" data-elementor-open-lightbox=\"yes\" data-elementor-lightbox-slideshow=\"0b1d215\" data-elementor-lightbox-title=\"Llagan Wood - Tancaments\" data-e-action-hash=\"#elementor-action%3Aaction%3Dlightbox%26settings%3DeyJpZCI6MTY5NiwidXJsIjoiaHR0cHM6XC9cL3d3dy5sbGFnYW53b29kLmNvbVwvd3AtY29udGVudFwvdXBsb2Fkc1wvMjAyM1wvMDlcL0xsYWdhbi1Xb29kLVRhbmNhbWVudHMtNC5qcGciLCJzbGlkZXNob3ciOiIwYjFkMjE1In0%3D\">\n\t\t\t\t\t<div class=\"e-gallery-image elementor-gallery-item__image\" data-thumbnail=\"https:\/\/www.llaganwood.com\/wp-content\/uploads\/2023\/09\/Llagan-Wood-Tancaments-4.jpg\" data-width=\"900\" data-height=\"668\" aria-label=\"Llagan Wood - Cerramientos\" role=\"img\" ><\/div>\n\t\t\t\t\t\t\t\t\t\t\t<div class=\"elementor-gallery-item__overlay\"><\/div>\n\t\t\t\t\t\t\t\t\t\t\t\t\t\t<\/a>\n\t\t\t\t\t\t\t<a class=\"e-gallery-item elementor-gallery-item elementor-animated-content\" href=\"https:\/\/www.llaganwood.com\/wp-content\/uploads\/2023\/09\/Llagan-Wood-Tancaments-6.jpg\" data-elementor-open-lightbox=\"yes\" data-elementor-lightbox-slideshow=\"0b1d215\" data-elementor-lightbox-title=\"Llagan Wood - Tancaments\" data-e-action-hash=\"#elementor-action%3Aaction%3Dlightbox%26settings%3DeyJpZCI6MTY5OCwidXJsIjoiaHR0cHM6XC9cL3d3dy5sbGFnYW53b29kLmNvbVwvd3AtY29udGVudFwvdXBsb2Fkc1wvMjAyM1wvMDlcL0xsYWdhbi1Xb29kLVRhbmNhbWVudHMtNi5qcGciLCJzbGlkZXNob3ciOiIwYjFkMjE1In0%3D\">\n\t\t\t\t\t<div class=\"e-gallery-image elementor-gallery-item__image\" data-thumbnail=\"https:\/\/www.llaganwood.com\/wp-content\/uploads\/2023\/09\/Llagan-Wood-Tancaments-6.jpg\" data-width=\"900\" data-height=\"777\" aria-label=\"Llagan Wood - Cerramientos\" role=\"img\" ><\/div>\n\t\t\t\t\t\t\t\t\t\t\t<div class=\"elementor-gallery-item__overlay\"><\/div>\n\t\t\t\t\t\t\t\t\t\t\t\t\t\t<\/a>\n\t\t\t\t\t\t\t<a class=\"e-gallery-item elementor-gallery-item elementor-animated-content\" href=\"https:\/\/www.llaganwood.com\/wp-content\/uploads\/2023\/09\/Llagan-Wood-Tancaments-3.jpg\" data-elementor-open-lightbox=\"yes\" data-elementor-lightbox-slideshow=\"0b1d215\" data-elementor-lightbox-title=\"Llagan Wood - Tancaments\" data-e-action-hash=\"#elementor-action%3Aaction%3Dlightbox%26settings%3DeyJpZCI6MTY5NSwidXJsIjoiaHR0cHM6XC9cL3d3dy5sbGFnYW53b29kLmNvbVwvd3AtY29udGVudFwvdXBsb2Fkc1wvMjAyM1wvMDlcL0xsYWdhbi1Xb29kLVRhbmNhbWVudHMtMy5qcGciLCJzbGlkZXNob3ciOiIwYjFkMjE1In0%3D\">\n\t\t\t\t\t<div class=\"e-gallery-image elementor-gallery-item__image\" data-thumbnail=\"https:\/\/www.llaganwood.com\/wp-content\/uploads\/2023\/09\/Llagan-Wood-Tancaments-3.jpg\" data-width=\"900\" data-height=\"625\" aria-label=\"Llagan Wood - Cerramientos\" role=\"img\" ><\/div>\n\t\t\t\t\t\t\t\t\t\t\t<div class=\"elementor-gallery-item__overlay\"><\/div>\n\t\t\t\t\t\t\t\t\t\t\t\t\t\t<\/a>\n\t\t\t\t\t\t\t<a class=\"e-gallery-item elementor-gallery-item elementor-animated-content\" href=\"https:\/\/www.llaganwood.com\/wp-content\/uploads\/2024\/09\/Llagan-Wood-Tancaments-12.jpg\" data-elementor-open-lightbox=\"yes\" data-elementor-lightbox-slideshow=\"0b1d215\" data-elementor-lightbox-title=\"Llagan Wood - Tancaments\" data-e-action-hash=\"#elementor-action%3Aaction%3Dlightbox%26settings%3DeyJpZCI6MjQxMSwidXJsIjoiaHR0cHM6XC9cL3d3dy5sbGFnYW53b29kLmNvbVwvd3AtY29udGVudFwvdXBsb2Fkc1wvMjAyNFwvMDlcL0xsYWdhbi1Xb29kLVRhbmNhbWVudHMtMTIuanBnIiwic2xpZGVzaG93IjoiMGIxZDIxNSJ9\">\n\t\t\t\t\t<div class=\"e-gallery-image elementor-gallery-item__image\" data-thumbnail=\"https:\/\/www.llaganwood.com\/wp-content\/uploads\/2024\/09\/Llagan-Wood-Tancaments-12.jpg\" data-width=\"722\" data-height=\"900\" aria-label=\"Llagan Wood - Cerramientos\" role=\"img\" ><\/div>\n\t\t\t\t\t\t\t\t\t\t\t<div class=\"elementor-gallery-item__overlay\"><\/div>\n\t\t\t\t\t\t\t\t\t\t\t\t\t\t<\/a>\n\t\t\t\t\t\t\t<a class=\"e-gallery-item elementor-gallery-item elementor-animated-content\" href=\"https:\/\/www.llaganwood.com\/wp-content\/uploads\/2024\/09\/Llagan-Wood-Tancaments-11.jpg\" data-elementor-open-lightbox=\"yes\" data-elementor-lightbox-slideshow=\"0b1d215\" data-elementor-lightbox-title=\"Llagan Wood - Tancaments\" data-e-action-hash=\"#elementor-action%3Aaction%3Dlightbox%26settings%3DeyJpZCI6MjQwOCwidXJsIjoiaHR0cHM6XC9cL3d3dy5sbGFnYW53b29kLmNvbVwvd3AtY29udGVudFwvdXBsb2Fkc1wvMjAyNFwvMDlcL0xsYWdhbi1Xb29kLVRhbmNhbWVudHMtMTEuanBnIiwic2xpZGVzaG93IjoiMGIxZDIxNSJ9\">\n\t\t\t\t\t<div class=\"e-gallery-image elementor-gallery-item__image\" data-thumbnail=\"https:\/\/www.llaganwood.com\/wp-content\/uploads\/2024\/09\/Llagan-Wood-Tancaments-11.jpg\" data-width=\"756\" data-height=\"900\" aria-label=\"Llagan Wood - Cerramientos\" role=\"img\" ><\/div>\n\t\t\t\t\t\t\t\t\t\t\t<div class=\"elementor-gallery-item__overlay\"><\/div>\n\t\t\t\t\t\t\t\t\t\t\t\t\t\t<\/a>\n\t\t\t\t\t\t\t<a class=\"e-gallery-item elementor-gallery-item elementor-animated-content\" href=\"https:\/\/www.llaganwood.com\/wp-content\/uploads\/2023\/09\/Llagan-Wood-Tancaments-10.jpg\" data-elementor-open-lightbox=\"yes\" data-elementor-lightbox-slideshow=\"0b1d215\" data-elementor-lightbox-title=\"Llagan Wood - Tancaments\" data-e-action-hash=\"#elementor-action%3Aaction%3Dlightbox%26settings%3DeyJpZCI6MTcwMiwidXJsIjoiaHR0cHM6XC9cL3d3dy5sbGFnYW53b29kLmNvbVwvd3AtY29udGVudFwvdXBsb2Fkc1wvMjAyM1wvMDlcL0xsYWdhbi1Xb29kLVRhbmNhbWVudHMtMTAuanBnIiwic2xpZGVzaG93IjoiMGIxZDIxNSJ9\">\n\t\t\t\t\t<div class=\"e-gallery-image elementor-gallery-item__image\" data-thumbnail=\"https:\/\/www.llaganwood.com\/wp-content\/uploads\/2023\/09\/Llagan-Wood-Tancaments-10.jpg\" data-width=\"691\" data-height=\"900\" aria-label=\"Llagan Wood - Cerramientos\" role=\"img\" ><\/div>\n\t\t\t\t\t\t\t\t\t\t\t<div class=\"elementor-gallery-item__overlay\"><\/div>\n\t\t\t\t\t\t\t\t\t\t\t\t\t\t<\/a>\n\t\t\t\t\t<\/div>\n\t\t\t\t\t<\/div>\n\t\t\t\t\t<\/div>\n\t\t<\/div>\n\t\t\t\t\t<\/div>\n\t\t<\/section>\n\t\t\t\t<\/div>","protected":false},"excerpt":{"rendered":"<p>Col\u00b7loquem portes i finestres amb estil\u2026 al teu estil! Tria: modern i funcional, cl\u00e0ssic i r\u00fastic\u2026 I \u00e9s que la fusta \u00e9s un material ideal per a qualsevol tipus de tancament. Unes qualitats est\u00e8tiques excepcionals i gran a\u00efllament t\u00e8rmic i ac\u00fastic. Confia en el nostre equip!<\/p>","protected":false},"author":1,"featured_media":1742,"parent":0,"menu_order":0,"comment_status":"closed","ping_status":"closed","template":"templates\/page-fullwidth_template.php","meta":{"footnotes":""},"class_list":["post-558","page","type-page","status-publish","has-post-thumbnail","hentry"],"yoast_head":"<!-- This site is optimized with the Yoast SEO Premium plugin v27.2 (Yoast SEO v27.5) - https:\/\/yoast.com\/product\/yoast-seo-premium-wordpress\/ -->\n<title>Tancaments - Llagan Wood<\/title>\n<meta name=\"robots\" content=\"index, follow, max-snippet:-1, max-image-preview:large, max-video-preview:-1\" \/>\n<link rel=\"canonical\" href=\"https:\/\/www.llaganwood.com\/es\/tancaments\/\" \/>\n<meta property=\"og:locale\" content=\"es_ES\" \/>\n<meta property=\"og:type\" content=\"article\" \/>\n<meta property=\"og:title\" content=\"Tancaments\" \/>\n<meta property=\"og:description\" content=\"Col\u00b7loquem portes i finestres amb estil\u2026 al teu estil! Tria: modern i funcional, cl\u00e0ssic i r\u00fastic\u2026 I \u00e9s que la fusta \u00e9s un material ideal per a qualsevol tipus de tancament. Unes qualitats est\u00e8tiques excepcionals i gran a\u00efllament t\u00e8rmic i ac\u00fastic. Confia en el nostre equip!\" \/>\n<meta property=\"og:url\" content=\"https:\/\/www.llaganwood.com\/es\/tancaments\/\" \/>\n<meta property=\"og:site_name\" content=\"Llagan Wood\" \/>\n<meta property=\"article:publisher\" content=\"https:\/\/www.facebook.com\/fusteriapadros\" \/>\n<meta property=\"article:modified_time\" content=\"2024-08-05T19:39:02+00:00\" \/>\n<meta property=\"og:image\" content=\"https:\/\/www.llaganwood.com\/wp-content\/uploads\/2023\/09\/Llagan-Wood-Tancaments.jpg\" \/>\n\t<meta property=\"og:image:width\" content=\"1400\" \/>\n\t<meta property=\"og:image:height\" content=\"380\" \/>\n\t<meta property=\"og:image:type\" content=\"image\/jpeg\" \/>\n<meta name=\"twitter:card\" content=\"summary_large_image\" \/>\n<meta name=\"twitter:label1\" content=\"Tiempo de lectura\" \/>\n\t<meta name=\"twitter:data1\" content=\"1 minuto\" \/>\n<script type=\"application\/ld+json\" class=\"yoast-schema-graph\">{\"@context\":\"https:\\\/\\\/schema.org\",\"@graph\":[{\"@type\":\"WebPage\",\"@id\":\"https:\\\/\\\/www.llaganwood.com\\\/tancaments\\\/\",\"url\":\"https:\\\/\\\/www.llaganwood.com\\\/tancaments\\\/\",\"name\":\"Tancaments - Llagan Wood\",\"isPartOf\":{\"@id\":\"https:\\\/\\\/www.llaganwood.com\\\/#website\"},\"primaryImageOfPage\":{\"@id\":\"https:\\\/\\\/www.llaganwood.com\\\/tancaments\\\/#primaryimage\"},\"image\":{\"@id\":\"https:\\\/\\\/www.llaganwood.com\\\/tancaments\\\/#primaryimage\"},\"thumbnailUrl\":\"https:\\\/\\\/www.llaganwood.com\\\/wp-content\\\/uploads\\\/2023\\\/09\\\/Llagan-Wood-Tancaments.jpg\",\"datePublished\":\"2022-01-10T15:57:58+00:00\",\"dateModified\":\"2024-08-05T19:39:02+00:00\",\"breadcrumb\":{\"@id\":\"https:\\\/\\\/www.llaganwood.com\\\/tancaments\\\/#breadcrumb\"},\"inLanguage\":\"es\",\"potentialAction\":[{\"@type\":\"ReadAction\",\"target\":[\"https:\\\/\\\/www.llaganwood.com\\\/tancaments\\\/\"]}]},{\"@type\":\"ImageObject\",\"inLanguage\":\"es\",\"@id\":\"https:\\\/\\\/www.llaganwood.com\\\/tancaments\\\/#primaryimage\",\"url\":\"https:\\\/\\\/www.llaganwood.com\\\/wp-content\\\/uploads\\\/2023\\\/09\\\/Llagan-Wood-Tancaments.jpg\",\"contentUrl\":\"https:\\\/\\\/www.llaganwood.com\\\/wp-content\\\/uploads\\\/2023\\\/09\\\/Llagan-Wood-Tancaments.jpg\",\"width\":1400,\"height\":380,\"caption\":\"Llagan Wood - Tancaments\"},{\"@type\":\"BreadcrumbList\",\"@id\":\"https:\\\/\\\/www.llaganwood.com\\\/tancaments\\\/#breadcrumb\",\"itemListElement\":[{\"@type\":\"ListItem\",\"position\":1,\"name\":\"Home\",\"item\":\"https:\\\/\\\/www.llaganwood.com\\\/\"},{\"@type\":\"ListItem\",\"position\":2,\"name\":\"Tancaments\"}]},{\"@type\":\"WebSite\",\"@id\":\"https:\\\/\\\/www.llaganwood.com\\\/#website\",\"url\":\"https:\\\/\\\/www.llaganwood.com\\\/\",\"name\":\"Llagan Wood\",\"description\":\"Sant Feliu de Gu\u00edxols\",\"publisher\":{\"@id\":\"https:\\\/\\\/www.llaganwood.com\\\/#organization\"},\"potentialAction\":[{\"@type\":\"SearchAction\",\"target\":{\"@type\":\"EntryPoint\",\"urlTemplate\":\"https:\\\/\\\/www.llaganwood.com\\\/?s={search_term_string}\"},\"query-input\":{\"@type\":\"PropertyValueSpecification\",\"valueRequired\":true,\"valueName\":\"search_term_string\"}}],\"inLanguage\":\"es\"},{\"@type\":\"Organization\",\"@id\":\"https:\\\/\\\/www.llaganwood.com\\\/#organization\",\"name\":\"Llagan Wood\",\"url\":\"https:\\\/\\\/www.llaganwood.com\\\/\",\"logo\":{\"@type\":\"ImageObject\",\"inLanguage\":\"es\",\"@id\":\"https:\\\/\\\/www.llaganwood.com\\\/#\\\/schema\\\/logo\\\/image\\\/\",\"url\":\"https:\\\/\\\/www.llaganwood.com\\\/wp-content\\\/uploads\\\/2022\\\/01\\\/Fusteria-Padros-Llagan-Wood-Logo-Horitzontal.png\",\"contentUrl\":\"https:\\\/\\\/www.llaganwood.com\\\/wp-content\\\/uploads\\\/2022\\\/01\\\/Fusteria-Padros-Llagan-Wood-Logo-Horitzontal.png\",\"width\":260,\"height\":73,\"caption\":\"Llagan Wood\"},\"image\":{\"@id\":\"https:\\\/\\\/www.llaganwood.com\\\/#\\\/schema\\\/logo\\\/image\\\/\"},\"sameAs\":[\"https:\\\/\\\/www.facebook.com\\\/fusteriapadros\",\"https:\\\/\\\/www.instagram.com\\\/llaganwood\\\/\"]}]}<\/script>\n<!-- \/ Yoast SEO Premium plugin. -->","yoast_head_json":{"title":"Cerramientos - Llagan Wood","robots":{"index":"index","follow":"follow","max-snippet":"max-snippet:-1","max-image-preview":"max-image-preview:large","max-video-preview":"max-video-preview:-1"},"canonical":"https:\/\/www.llaganwood.com\/es\/tancaments\/","og_locale":"es_ES","og_type":"article","og_title":"Tancaments","og_description":"Col\u00b7loquem portes i finestres amb estil\u2026 al teu estil! Tria: modern i funcional, cl\u00e0ssic i r\u00fastic\u2026 I \u00e9s que la fusta \u00e9s un material ideal per a qualsevol tipus de tancament. Unes qualitats est\u00e8tiques excepcionals i gran a\u00efllament t\u00e8rmic i ac\u00fastic. Confia en el nostre equip!","og_url":"https:\/\/www.llaganwood.com\/es\/tancaments\/","og_site_name":"Llagan Wood","article_publisher":"https:\/\/www.facebook.com\/fusteriapadros","article_modified_time":"2024-08-05T19:39:02+00:00","og_image":[{"width":1400,"height":380,"url":"https:\/\/www.llaganwood.com\/wp-content\/uploads\/2023\/09\/Llagan-Wood-Tancaments.jpg","type":"image\/jpeg"}],"twitter_card":"summary_large_image","twitter_misc":{"Tiempo de lectura":"1 minuto"},"schema":{"@context":"https:\/\/schema.org","@graph":[{"@type":"WebPage","@id":"https:\/\/www.llaganwood.com\/tancaments\/","url":"https:\/\/www.llaganwood.com\/tancaments\/","name":"Cerramientos - Llagan Wood","isPartOf":{"@id":"https:\/\/www.llaganwood.com\/#website"},"primaryImageOfPage":{"@id":"https:\/\/www.llaganwood.com\/tancaments\/#primaryimage"},"image":{"@id":"https:\/\/www.llaganwood.com\/tancaments\/#primaryimage"},"thumbnailUrl":"https:\/\/www.llaganwood.com\/wp-content\/uploads\/2023\/09\/Llagan-Wood-Tancaments.jpg","datePublished":"2022-01-10T15:57:58+00:00","dateModified":"2024-08-05T19:39:02+00:00","breadcrumb":{"@id":"https:\/\/www.llaganwood.com\/tancaments\/#breadcrumb"},"inLanguage":"es","potentialAction":[{"@type":"ReadAction","target":["https:\/\/www.llaganwood.com\/tancaments\/"]}]},{"@type":"ImageObject","inLanguage":"es","@id":"https:\/\/www.llaganwood.com\/tancaments\/#primaryimage","url":"https:\/\/www.llaganwood.com\/wp-content\/uploads\/2023\/09\/Llagan-Wood-Tancaments.jpg","contentUrl":"https:\/\/www.llaganwood.com\/wp-content\/uploads\/2023\/09\/Llagan-Wood-Tancaments.jpg","width":1400,"height":380,"caption":"Llagan Wood - Tancaments"},{"@type":"BreadcrumbList","@id":"https:\/\/www.llaganwood.com\/tancaments\/#breadcrumb","itemListElement":[{"@type":"ListItem","position":1,"name":"Home","item":"https:\/\/www.llaganwood.com\/"},{"@type":"ListItem","position":2,"name":"Tancaments"}]},{"@type":"WebSite","@id":"https:\/\/www.llaganwood.com\/#website","url":"https:\/\/www.llaganwood.com\/","name":"Llagan Wood","description":"Sant Feliu de Gu\u00edxols","publisher":{"@id":"https:\/\/www.llaganwood.com\/#organization"},"potentialAction":[{"@type":"SearchAction","target":{"@type":"EntryPoint","urlTemplate":"https:\/\/www.llaganwood.com\/?s={search_term_string}"},"query-input":{"@type":"PropertyValueSpecification","valueRequired":true,"valueName":"search_term_string"}}],"inLanguage":"es"},{"@type":"Organization","@id":"https:\/\/www.llaganwood.com\/#organization","name":"Llagan Wood","url":"https:\/\/www.llaganwood.com\/","logo":{"@type":"ImageObject","inLanguage":"es","@id":"https:\/\/www.llaganwood.com\/#\/schema\/logo\/image\/","url":"https:\/\/www.llaganwood.com\/wp-content\/uploads\/2022\/01\/Fusteria-Padros-Llagan-Wood-Logo-Horitzontal.png","contentUrl":"https:\/\/www.llaganwood.com\/wp-content\/uploads\/2022\/01\/Fusteria-Padros-Llagan-Wood-Logo-Horitzontal.png","width":260,"height":73,"caption":"Llagan Wood"},"image":{"@id":"https:\/\/www.llaganwood.com\/#\/schema\/logo\/image\/"},"sameAs":["https:\/\/www.facebook.com\/fusteriapadros","https:\/\/www.instagram.com\/llaganwood\/"]}]}},"_links":{"self":[{"href":"https:\/\/www.llaganwood.com\/es\/wp-json\/wp\/v2\/pages\/558","targetHints":{"allow":["GET"]}}],"collection":[{"href":"https:\/\/www.llaganwood.com\/es\/wp-json\/wp\/v2\/pages"}],"about":[{"href":"https:\/\/www.llaganwood.com\/es\/wp-json\/wp\/v2\/types\/page"}],"author":[{"embeddable":true,"href":"https:\/\/www.llaganwood.com\/es\/wp-json\/wp\/v2\/users\/1"}],"replies":[{"embeddable":true,"href":"https:\/\/www.llaganwood.com\/es\/wp-json\/wp\/v2\/comments?post=558"}],"version-history":[{"count":0,"href":"https:\/\/www.llaganwood.com\/es\/wp-json\/wp\/v2\/pages\/558\/revisions"}],"wp:featuredmedia":[{"embeddable":true,"href":"https:\/\/www.llaganwood.com\/es\/wp-json\/wp\/v2\/media\/1742"}],"wp:attachment":[{"href":"https:\/\/www.llaganwood.com\/es\/wp-json\/wp\/v2\/media?parent=558"}],"curies":[{"name":"wp","href":"https:\/\/api.w.org\/{rel}","templated":true}]}}