{"id":2245,"date":"2024-08-12T11:34:05","date_gmt":"2024-08-12T09:34:05","guid":{"rendered":"https:\/\/www.llaganwood.com\/?page_id=2245"},"modified":"2024-09-10T09:09:28","modified_gmt":"2024-09-10T07:09:28","slug":"termes-i-condicions","status":"publish","type":"page","link":"https:\/\/www.llaganwood.com\/es\/termes-i-condicions\/","title":{"rendered":"T\u00e9rminos y Condiciones"},"content":{"rendered":"<h2 style=\"text-align: center;\">Informaci\u00f3n legal y aceptaci\u00f3n de las condiciones de uso<\/h2>\n<h3>1. IDENTIFICACI\u00d3N DEL PRESTADOR DEL SERVICIO<\/h3>\n<p class=\"translation-block\"><strong>Llagan Wood SL<\/strong> es el representante del sitio web <strong>www.llaganwood.com<\/strong>, con domicilio en Calle Bruc, 11 17220 Sant Feliu de Gu\u00edxols, Girona con C\u00f3digo de Identificaci\u00f3n Fiscal n\u00famero B02966455.<\/p>\n<h3>2. NOTIFICACIONES<\/h3>\n<p>Todas las comunicaciones por parte del Usuario a Llagan Wood se podr\u00e1n realizar a trav\u00e9s de las siguientes formas:<\/p>\n<ul>\n<li class=\"translation-block\">Env\u00edo por correo postal a la siguiente direcci\u00f3n: <strong>Calle Bruc, 11, 17220 Sant Feliu de Gu\u00edxols, Girona<\/strong><\/li>\n<li>Comunicaci\u00f3n por medio de una llamada al n\u00famero de tel\u00e9fono <strong>(+34) 625 040 249<\/strong>.<\/li>\n<li class=\"translation-block\">Env\u00edo por correo electr\u00f3nico a la siguiente direcci\u00f3n: <a href=\"mailto:info@llaganwood.com\" target=\"_self\"><strong>info@llaganwood.com<\/strong><\/a>.<\/li>\n<\/ul>\n<h3>3. DESCRIPCI\u00d3N DEL SERVICIO<\/h3>\n<p style=\"text-align: justify;\" class=\"translation-block\"><strong>Llagan Wood<\/strong> ofrece venta de productos y\/o servicios. <strong>Llagan Wood<\/strong> podr\u00e1 alterar en cualquier momento y sin aviso previo, el dise\u00f1o, presentaci\u00f3n y\/o configuraci\u00f3n del Sitio Web, as\u00ed como algunos o todos los productos y\/o servicios.<\/p>\n<h3>4. ACEPTACI\u00d3N DE LAS CONDICIONES DE USO<\/h3>\n<p style=\"text-align: justify;\">El acceso y la utilizaci\u00f3n del servicio de Llagan Wood  implican por parte del Usuario la aceptaci\u00f3n plena y sin reservas de todas las condiciones recogidas en las presentes Condiciones de Uso.<\/p>\n<h3>5. REGISTRO DE USUARIOS<\/h3>\n<p style=\"text-align: justify;\" class=\"translation-block\">Los servicios prestados por <strong>Llagan Wood<\/strong> est\u00e1n disponibles para usuarios mayores de 18 a\u00f1os que puedan cumplir contratos legales bajo la ley correspondiente. Usted garantiza que al menos tiene 18 a\u00f1os y que toda la informaci\u00f3n que ha registrado en el site se ajusta a la realidad y es verdadera. <strong>Llagan Wood<\/strong> puede, bajo su criterio, denegar el acceso o uso al site de cualquier persona o entidad. Las personas menores de 18 a\u00f1os tendr\u00e1n que utilizar <strong>Llagan Wood<\/strong> bajo la supervisi\u00f3n de sus padres o de un tutor legal y en estos casos, el adulto ser\u00e1 el usuario final responsable de cualquier actividad.<\/p>\n<p style=\"text-align: justify;\" class=\"translation-block\"><strong>Llagan Wood<\/strong> requiere la elecci\u00f3n por parte del usuario de un nombre de usuario y una contrase\u00f1a. El usuario deber\u00e1 mantener bajo su exclusiva responsabilidad la contrase\u00f1a, en la m\u00e1s estricta y absoluta confidencialidad, asumiendo por tanto, cuantos da\u00f1os y\/o perjuicios de todo tipo se deriven del quebrantamiento o revelaci\u00f3n de la misma, as\u00ed como del mal uso que, como consecuencia de la infracci\u00f3n de su deber de custodia, pudiera hacer un tercero.<\/p>\n<p style=\"text-align: justify;\" class=\"translation-block\">De conformidad con lo previsto en la Ley Org\u00e1nica 15\/1999, el 13 de diciembre, de Protecci\u00f3n de Datos de Car\u00e1cter Personal (LOPD), <strong>Llagan Wood<\/strong>  informa de la existencia de un fichero de su titularidad (inscrito en la Agencia Espa\u00f1ola de Protecci\u00f3n de Datos) en el que se incluir\u00e1n los datos necesarios para mantener informados a los usuarios que as\u00ed lo requieran o proporcionar los servicios que los usuarios soliciten. El titular podr\u00e1 ejercer los derechos reconocidos en la LOPD sobre este fichero y, en particular, el acceso, rectificaci\u00f3n o cancelaci\u00f3n de datos y oposici\u00f3n, si resultase pertinente, as\u00ed como la revocaci\u00f3n del consentimiento para la cesi\u00f3n de sus datos en los t\u00e9rminos previstos en la LOPD. Los usuarios pueden realizar estas acciones ellos mismos accediendo a su cuentas de usuario, o bien solicit\u00e1ndolo por escrito a <a href=\"mailto:info@llaganwood.com\" target=\"_self\"><strong>info@llaganwood.com<\/strong><\/a><strong>.<\/strong><\/p>\n<h3>6. INFORMACI\u00d3N DE SU CUENTA<\/h3>\n<p style=\"text-align: justify;\">El usuario deber\u00e1 mantener la informaci\u00f3n de su cuenta actualizada en todo momento, incluyendo una direcci\u00f3n de correo electr\u00f3nico v\u00e1lida.<\/p>\n<p style=\"text-align: justify;\" class=\"translation-block\">El usuario no debe transferir o vender sus detalles de cuenta en <strong>Llagan Wood<\/strong> ni su identificaci\u00f3n de usuario a terceras partes. Si se est\u00e1 registrando como una entidad de negocio, deber\u00e1 garantizar que tiene la autoridad para obligar a la entidad a aceptar estas Condiciones de Uso.<\/p>\n<h3>7. DERECHO A DENEGAR EL SERVICIO<\/h3>\n<p style=\"text-align: justify;\" class=\"translation-block\"><strong>Llagan Wood<\/strong> se reserva el derecho a cancelar cuentas inactivas o sin confirmar, adem\u00e1s de denegar el servicio a un usuario, por cualquier raz\u00f3n y en cualquier momento.<\/p>\n<h3>8. CONDICIONES DE ACCESO Y UTILIZACI\u00d3N DEL PORTAL<\/h3>\n<p style=\"text-align: justify;\">El usuario se compromete a utilizar los servicios y contenidos de la p\u00e1gina conforme a lo establecido en la ley  y en las presentes condiciones generales de uso. Asimismo, se compromete a hacer un uso adecuado de los servicios y\/o contenidos de la p\u00e1gina y a no emplearlos para realizar actividades il\u00edcitas o constitutivas de delito y\/o que infrinjan la regulaci\u00f3n sobre propiedad intelectual e industrial, o cualesquiera otras formas de ordenamiento jur\u00eddico aplicable.<\/p>\n<h3>9. NORMAS DE PARTICIPACI\u00d3N<\/h3>\n<p style=\"text-align: justify;\" class=\"translation-block\"><strong>Llagan Wood<\/strong> se reserva el derecho de suspender o cancelar, total o parcialmente, con o sin previo aviso, cualquier contenido o cuenta de usuario que infrinja las presentes condiciones de uso del Servicio. A t\u00edtulo enunciativo, y en ning\u00fan caso limitativo o excluyente, el\/la usuario\/a se compromete a no realizar ninguna de las siguientes actividades:<\/p>\n<ol style=\"list-style-type: lower-alpha;\">\n<li style=\"text-align: justify;\">Ofender, insultar, desacreditar o acosar a otras personas en cualquier espacio com\u00fan de Llagan Wood . De igual forma el usuario se obliga a no utilizar las herramientas de contacto de otros usuarios para realizar este tipo de actividades.<\/li>\n<li style=\"text-align: justify;\">Introducir o difundir contenidos o propaganda de car\u00e1cter racista, hom\u00f3fobo, xen\u00f3fobo, ped\u00f3filo, excesivamente violento, de apolog\u00eda del terrorismo o que atenten contra los derechos humanos.<\/li>\n<li style=\"text-align: justify;\">Publicar im\u00e1genes de otras personas sin su consentimiento.<\/li>\n<li style=\"text-align: justify;\">Difamar o calumniar a empresas, colectivos, ONGs, o cualquier otro grupo de individuos.<\/li>\n<li style=\"text-align: justify;\">Plagiar, copiar o utilizar contenidos de otras personas o medios sin su consentimiento.<\/li>\n<li style=\"text-align: justify;\">Suplantar a otras personas, colectivos o entidades jur\u00eddicas.<\/li>\n<li style=\"text-align: justify;\">Realizar actividades de explotaci\u00f3n comercial, como la promoci\u00f3n de productos y servicios, sin la autorizaci\u00f3n de Llagan Wood ; generar spam, transmitir mensajes comerciales no solicitados, usar el Servicio como herramienta de reenv\u00edo hacia otra Web o promocionar su sitio publicando mensajes m\u00faltiples e id\u00e9nticos en diferentes espacios.<\/li>\n<li style=\"text-align: justify;\">Duplicar contenidos. Esto es, copiar y publicar con o sin autorizaci\u00f3n del autor, y de forma sistem\u00e1tica, contenidos publicados en otras Webs.<\/li>\n<li style=\"text-align: justify;\">A\u00f1adir alg\u00fan software que entorpezca el normal funcionamiento del sistema o cualquier c\u00f3digo, fichero o programa que ofrezca publicidad a trav\u00e9s de ventanas emergentes (Popups). De igual forma el usuario se compromete a no publicar contenidos que infrinjan las condiciones de uso de los servicios de publicidad utilizados en Llagan Wood.<\/li>\n<li style=\"text-align: justify;\">No se pueden utilizar indebidamente las funcionalidades de Llagan Wood  para autopromocionarse o mejorar el posicionamiento cualquier sitio web en los resultados de los motores de b\u00fasqueda.<\/li>\n<\/ol>\n<h3>10. PUBLICIDAD Y COMUNICACIONES<\/h3>\n<p style=\"text-align: justify;\" class=\"translation-block\">Al registrarse, el usuario acepta que <strong>Llagan Wood<\/strong> podr\u00e1 enviar a su correo electr\u00f3nico boletines informativos que incluyan publicidad.<\/p>\n<h3>11. EXENCIONES DE RESPONSABILIDAD<\/h3>\n<p style=\"text-align: justify;\" class=\"translation-block\"><strong>Llagan Wood<\/strong> no se responsabiliza por el mal uso que se pueda hacer de esta p\u00e1gina web. <strong>Llagan Wood<\/strong> no puede garantizar la ausencia de virus u otros elementos que pudieran causar da\u00f1os en los sistemas inform\u00e1ticos, documentos electr\u00f3nicos o en los ficheros de usuarios de esta p\u00e1gina o de terceros, por lo que no se responsabiliza de los perjuicios que se puedan producir por estas causas.<\/p>\n<h3>12. POL\u00cdTICA DE PRIVACIDAD<\/h3>\n<p style=\"text-align: justify;\" class=\"translation-block\">Los datos de car\u00e1cter personal y otra informaci\u00f3n relativa a la identidad del usuario est\u00e1n sujetos a la <a href=\"https:\/\/www.llaganwood.com\/es\/politica-de-privacitat\/\" target=\"_blank\" rel=\"noopener\"><strong>pol\u00edtica de privacidad de Llagan Wood<\/strong><\/a>.<\/p>\n<h3>13. PROPIEDAD INTELECTUAL E INDUSTRIAL. PROHIBICI\u00d3N DE HIPERENLACES<\/h3>\n<p style=\"text-align: justify;\" class=\"translation-block\">Todos los contenidos que se muestran en la web <strong>www.llaganwood.com<\/strong>, y en especial, dise\u00f1os, textos, gr\u00e1ficos, logos, iconos, botones, software, nombres comerciales, marcas, dibujos industriales o cualesquiera otros signos susceptibles de utilizaci\u00f3n industrial y comercial est\u00e1n sujetos a derechos de propiedad intelectual e industrial de <strong>Llagan Wood<\/strong> o de terceros titulares de los mismos que han autorizado debidamente su inclusi\u00f3n en el Portal.<\/p>\n<p style=\"text-align: justify;\" class=\"translation-block\">En ning\u00fan caso se entender\u00e1 que se concede licencia alguna o se efect\u00faa renuncia, transmisi\u00f3n, cesi\u00f3n total o parcial de dichos derechos ni se confiere ning\u00fan derecho ni expectativa de derecho, y en especial, de alteraci\u00f3n, explotaci\u00f3n, reproducci\u00f3n, distribuci\u00f3n o comunicaci\u00f3n p\u00fablica sobre dichos contenidos sin la previa autorizaci\u00f3n expresa de <strong>Llagan Wood<\/strong> o de los titulares correspondientes.<\/p>\n<p style=\"text-align: justify;\" class=\"translation-block\">No se podr\u00e1 establecer ning\u00fan v\u00ednculo a la web <strong>www.llaganwood.com<\/strong> desde cualquier otra web sin el previo y expreso consentimiento de <strong>Llagan Wood<\/strong>.<\/p>","protected":false},"excerpt":{"rendered":"<p>Informaci\u00f3 legal i acceptaci\u00f3 de les condicions d&#8217;\u00fas 1. IDENTIFICACI\u00d3 DEL PRESTADOR DEL SERVEI Llagan Wood SL \u00e9s el representant del lloc web www.llaganwood.com, amb domicili al carrer Bruc, 11 17220 Sant Feliu de Gu\u00edxols, Girona amb Codi d&#8217;Identificaci\u00f3 Fiscal n\u00famero B02966455. 2. NOTIFICACIONS Totes les comunicacions per part de l&#8217;Usuari a Llagan Wood es<br \/><a class=\"moretag\" href=\"https:\/\/www.llaganwood.com\/es\/termes-i-condicions\/\">+ Read More<\/a><\/p>","protected":false},"author":1,"featured_media":1683,"parent":0,"menu_order":0,"comment_status":"closed","ping_status":"closed","template":"templates\/page-fullwidth_template.php","meta":{"footnotes":""},"class_list":["post-2245","page","type-page","status-publish","has-post-thumbnail","hentry"],"yoast_head":"<!-- This site is optimized with the Yoast SEO Premium plugin v27.2 (Yoast SEO v27.4) - https:\/\/yoast.com\/product\/yoast-seo-premium-wordpress\/ -->\n<title>Termes i Condicions - Llagan Wood<\/title>\n<meta name=\"robots\" content=\"noindex, follow\" \/>\n<meta property=\"og:locale\" content=\"es_ES\" \/>\n<meta property=\"og:type\" content=\"article\" \/>\n<meta property=\"og:title\" content=\"Termes i Condicions\" \/>\n<meta property=\"og:description\" content=\"Informaci\u00f3 legal i acceptaci\u00f3 de les condicions d&#8217;\u00fas 1. IDENTIFICACI\u00d3 DEL PRESTADOR DEL SERVEI Llagan Wood SL \u00e9s el representant del lloc web www.llaganwood.com, amb domicili al carrer Bruc, 11 17220 Sant Feliu de Gu\u00edxols, Girona amb Codi d&#8217;Identificaci\u00f3 Fiscal n\u00famero B02966455. 2. NOTIFICACIONS Totes les comunicacions per part de l&#8217;Usuari a Llagan Wood es+ Read More\" \/>\n<meta property=\"og:url\" content=\"https:\/\/www.llaganwood.com\/es\/termes-i-condicions\/\" \/>\n<meta property=\"og:site_name\" content=\"Llagan Wood\" \/>\n<meta property=\"article:publisher\" content=\"https:\/\/www.facebook.com\/fusteriapadros\" \/>\n<meta property=\"article:modified_time\" content=\"2024-09-10T07:09:28+00:00\" \/>\n<meta property=\"og:image\" content=\"https:\/\/www.llaganwood.com\/wp-content\/uploads\/2023\/09\/Llagan-Wood-Contacte.jpg\" \/>\n\t<meta property=\"og:image:width\" content=\"1400\" \/>\n\t<meta property=\"og:image:height\" content=\"380\" \/>\n\t<meta property=\"og:image:type\" content=\"image\/jpeg\" \/>\n<meta name=\"twitter:card\" content=\"summary_large_image\" \/>\n<meta name=\"twitter:label1\" content=\"Tiempo de lectura\" \/>\n\t<meta name=\"twitter:data1\" content=\"6 minutos\" \/>\n<script type=\"application\/ld+json\" class=\"yoast-schema-graph\">{\"@context\":\"https:\\\/\\\/schema.org\",\"@graph\":[{\"@type\":\"WebPage\",\"@id\":\"https:\\\/\\\/www.llaganwood.com\\\/termes-i-condicions\\\/\",\"url\":\"https:\\\/\\\/www.llaganwood.com\\\/termes-i-condicions\\\/\",\"name\":\"Termes i Condicions - Llagan Wood\",\"isPartOf\":{\"@id\":\"https:\\\/\\\/www.llaganwood.com\\\/#website\"},\"primaryImageOfPage\":{\"@id\":\"https:\\\/\\\/www.llaganwood.com\\\/termes-i-condicions\\\/#primaryimage\"},\"image\":{\"@id\":\"https:\\\/\\\/www.llaganwood.com\\\/termes-i-condicions\\\/#primaryimage\"},\"thumbnailUrl\":\"https:\\\/\\\/www.llaganwood.com\\\/wp-content\\\/uploads\\\/2023\\\/09\\\/Llagan-Wood-Contacte.jpg\",\"datePublished\":\"2024-08-12T09:34:05+00:00\",\"dateModified\":\"2024-09-10T07:09:28+00:00\",\"breadcrumb\":{\"@id\":\"https:\\\/\\\/www.llaganwood.com\\\/termes-i-condicions\\\/#breadcrumb\"},\"inLanguage\":\"es\",\"potentialAction\":[{\"@type\":\"ReadAction\",\"target\":[\"https:\\\/\\\/www.llaganwood.com\\\/termes-i-condicions\\\/\"]}]},{\"@type\":\"ImageObject\",\"inLanguage\":\"es\",\"@id\":\"https:\\\/\\\/www.llaganwood.com\\\/termes-i-condicions\\\/#primaryimage\",\"url\":\"https:\\\/\\\/www.llaganwood.com\\\/wp-content\\\/uploads\\\/2023\\\/09\\\/Llagan-Wood-Contacte.jpg\",\"contentUrl\":\"https:\\\/\\\/www.llaganwood.com\\\/wp-content\\\/uploads\\\/2023\\\/09\\\/Llagan-Wood-Contacte.jpg\",\"width\":1400,\"height\":380,\"caption\":\"Llagan Wood - Contacte\"},{\"@type\":\"BreadcrumbList\",\"@id\":\"https:\\\/\\\/www.llaganwood.com\\\/termes-i-condicions\\\/#breadcrumb\",\"itemListElement\":[{\"@type\":\"ListItem\",\"position\":1,\"name\":\"Home\",\"item\":\"https:\\\/\\\/www.llaganwood.com\\\/\"},{\"@type\":\"ListItem\",\"position\":2,\"name\":\"Termes i Condicions\"}]},{\"@type\":\"WebSite\",\"@id\":\"https:\\\/\\\/www.llaganwood.com\\\/#website\",\"url\":\"https:\\\/\\\/www.llaganwood.com\\\/\",\"name\":\"Llagan Wood\",\"description\":\"Sant Feliu de Gu\u00edxols\",\"publisher\":{\"@id\":\"https:\\\/\\\/www.llaganwood.com\\\/#organization\"},\"potentialAction\":[{\"@type\":\"SearchAction\",\"target\":{\"@type\":\"EntryPoint\",\"urlTemplate\":\"https:\\\/\\\/www.llaganwood.com\\\/?s={search_term_string}\"},\"query-input\":{\"@type\":\"PropertyValueSpecification\",\"valueRequired\":true,\"valueName\":\"search_term_string\"}}],\"inLanguage\":\"es\"},{\"@type\":\"Organization\",\"@id\":\"https:\\\/\\\/www.llaganwood.com\\\/#organization\",\"name\":\"Llagan Wood\",\"url\":\"https:\\\/\\\/www.llaganwood.com\\\/\",\"logo\":{\"@type\":\"ImageObject\",\"inLanguage\":\"es\",\"@id\":\"https:\\\/\\\/www.llaganwood.com\\\/#\\\/schema\\\/logo\\\/image\\\/\",\"url\":\"https:\\\/\\\/www.llaganwood.com\\\/wp-content\\\/uploads\\\/2022\\\/01\\\/Fusteria-Padros-Llagan-Wood-Logo-Horitzontal.png\",\"contentUrl\":\"https:\\\/\\\/www.llaganwood.com\\\/wp-content\\\/uploads\\\/2022\\\/01\\\/Fusteria-Padros-Llagan-Wood-Logo-Horitzontal.png\",\"width\":260,\"height\":73,\"caption\":\"Llagan Wood\"},\"image\":{\"@id\":\"https:\\\/\\\/www.llaganwood.com\\\/#\\\/schema\\\/logo\\\/image\\\/\"},\"sameAs\":[\"https:\\\/\\\/www.facebook.com\\\/fusteriapadros\",\"https:\\\/\\\/www.instagram.com\\\/llaganwood\\\/\"]}]}<\/script>\n<!-- \/ Yoast SEO Premium plugin. -->","yoast_head_json":{"title":"Termes i Condicions - Llagan Wood","robots":{"index":"noindex","follow":"follow"},"og_locale":"es_ES","og_type":"article","og_title":"Termes i Condicions","og_description":"Informaci\u00f3 legal i acceptaci\u00f3 de les condicions d&#8217;\u00fas 1. IDENTIFICACI\u00d3 DEL PRESTADOR DEL SERVEI Llagan Wood SL \u00e9s el representant del lloc web www.llaganwood.com, amb domicili al carrer Bruc, 11 17220 Sant Feliu de Gu\u00edxols, Girona amb Codi d&#8217;Identificaci\u00f3 Fiscal n\u00famero B02966455. 2. NOTIFICACIONS Totes les comunicacions per part de l&#8217;Usuari a Llagan Wood es+ Read More","og_url":"https:\/\/www.llaganwood.com\/es\/termes-i-condicions\/","og_site_name":"Llagan Wood","article_publisher":"https:\/\/www.facebook.com\/fusteriapadros","article_modified_time":"2024-09-10T07:09:28+00:00","og_image":[{"width":1400,"height":380,"url":"https:\/\/www.llaganwood.com\/wp-content\/uploads\/2023\/09\/Llagan-Wood-Contacte.jpg","type":"image\/jpeg"}],"twitter_card":"summary_large_image","twitter_misc":{"Tiempo de lectura":"6 minutos"},"schema":{"@context":"https:\/\/schema.org","@graph":[{"@type":"WebPage","@id":"https:\/\/www.llaganwood.com\/termes-i-condicions\/","url":"https:\/\/www.llaganwood.com\/termes-i-condicions\/","name":"Termes i Condicions - Llagan Wood","isPartOf":{"@id":"https:\/\/www.llaganwood.com\/#website"},"primaryImageOfPage":{"@id":"https:\/\/www.llaganwood.com\/termes-i-condicions\/#primaryimage"},"image":{"@id":"https:\/\/www.llaganwood.com\/termes-i-condicions\/#primaryimage"},"thumbnailUrl":"https:\/\/www.llaganwood.com\/wp-content\/uploads\/2023\/09\/Llagan-Wood-Contacte.jpg","datePublished":"2024-08-12T09:34:05+00:00","dateModified":"2024-09-10T07:09:28+00:00","breadcrumb":{"@id":"https:\/\/www.llaganwood.com\/termes-i-condicions\/#breadcrumb"},"inLanguage":"es","potentialAction":[{"@type":"ReadAction","target":["https:\/\/www.llaganwood.com\/termes-i-condicions\/"]}]},{"@type":"ImageObject","inLanguage":"es","@id":"https:\/\/www.llaganwood.com\/termes-i-condicions\/#primaryimage","url":"https:\/\/www.llaganwood.com\/wp-content\/uploads\/2023\/09\/Llagan-Wood-Contacte.jpg","contentUrl":"https:\/\/www.llaganwood.com\/wp-content\/uploads\/2023\/09\/Llagan-Wood-Contacte.jpg","width":1400,"height":380,"caption":"Llagan Wood - Contacte"},{"@type":"BreadcrumbList","@id":"https:\/\/www.llaganwood.com\/termes-i-condicions\/#breadcrumb","itemListElement":[{"@type":"ListItem","position":1,"name":"Home","item":"https:\/\/www.llaganwood.com\/"},{"@type":"ListItem","position":2,"name":"Termes i Condicions"}]},{"@type":"WebSite","@id":"https:\/\/www.llaganwood.com\/#website","url":"https:\/\/www.llaganwood.com\/","name":"Llagan Wood","description":"Sant Feliu de Gu\u00edxols","publisher":{"@id":"https:\/\/www.llaganwood.com\/#organization"},"potentialAction":[{"@type":"SearchAction","target":{"@type":"EntryPoint","urlTemplate":"https:\/\/www.llaganwood.com\/?s={search_term_string}"},"query-input":{"@type":"PropertyValueSpecification","valueRequired":true,"valueName":"search_term_string"}}],"inLanguage":"es"},{"@type":"Organization","@id":"https:\/\/www.llaganwood.com\/#organization","name":"Llagan Wood","url":"https:\/\/www.llaganwood.com\/","logo":{"@type":"ImageObject","inLanguage":"es","@id":"https:\/\/www.llaganwood.com\/#\/schema\/logo\/image\/","url":"https:\/\/www.llaganwood.com\/wp-content\/uploads\/2022\/01\/Fusteria-Padros-Llagan-Wood-Logo-Horitzontal.png","contentUrl":"https:\/\/www.llaganwood.com\/wp-content\/uploads\/2022\/01\/Fusteria-Padros-Llagan-Wood-Logo-Horitzontal.png","width":260,"height":73,"caption":"Llagan Wood"},"image":{"@id":"https:\/\/www.llaganwood.com\/#\/schema\/logo\/image\/"},"sameAs":["https:\/\/www.facebook.com\/fusteriapadros","https:\/\/www.instagram.com\/llaganwood\/"]}]}},"_links":{"self":[{"href":"https:\/\/www.llaganwood.com\/es\/wp-json\/wp\/v2\/pages\/2245","targetHints":{"allow":["GET"]}}],"collection":[{"href":"https:\/\/www.llaganwood.com\/es\/wp-json\/wp\/v2\/pages"}],"about":[{"href":"https:\/\/www.llaganwood.com\/es\/wp-json\/wp\/v2\/types\/page"}],"author":[{"embeddable":true,"href":"https:\/\/www.llaganwood.com\/es\/wp-json\/wp\/v2\/users\/1"}],"replies":[{"embeddable":true,"href":"https:\/\/www.llaganwood.com\/es\/wp-json\/wp\/v2\/comments?post=2245"}],"version-history":[{"count":0,"href":"https:\/\/www.llaganwood.com\/es\/wp-json\/wp\/v2\/pages\/2245\/revisions"}],"wp:featuredmedia":[{"embeddable":true,"href":"https:\/\/www.llaganwood.com\/es\/wp-json\/wp\/v2\/media\/1683"}],"wp:attachment":[{"href":"https:\/\/www.llaganwood.com\/es\/wp-json\/wp\/v2\/media?parent=2245"}],"curies":[{"name":"wp","href":"https:\/\/api.w.org\/{rel}","templated":true}]}}