{"id":2225,"date":"2024-08-07T17:53:34","date_gmt":"2024-08-07T15:53:34","guid":{"rendered":"https:\/\/www.llaganwood.com\/?page_id=2225"},"modified":"2024-09-04T19:19:18","modified_gmt":"2024-09-04T17:19:18","slug":"mobles-a-mida-sant-feliu-de-guixols-girona","status":"publish","type":"page","link":"https:\/\/www.llaganwood.com\/es\/mobles-a-mida-sant-feliu-de-guixols-girona\/","title":{"rendered":"Muebles a medida en Sant Feliu de Guixols\n(Girona) y Costa Brava"},"content":{"rendered":"<h2>Tus carpinteros de muebles a medida<\/h2>\n<p style=\"text-align: justify;\" class=\"translation-block\">En <strong>Llagan Wood<\/strong>, hacemos que tu visi\u00f3n y necesidades espec\u00edficas se materialicen gracias a nuestros carpinteros de muebles a medida en Sant Feliu de Guixols (Girona) y Costa Brava. Al elegir muebles personalizados, no solo aportas un toque exclusivo a tu hogar, sino que tambi\u00e9n mejoras la funcionalidad y el valor de tus espacios. Construir tu mundo seg\u00fan tus necesidades es elegir proactivamente la vida que deseas vivir.<\/p>\n<h3>Nuestro proceso para hacer muebles de madera a medida<\/h3>\n<ol>\n<li style=\"text-align: justify;\" class=\"translation-block\"><strong>Consultor\u00eda personalizada<\/strong>: Comenzamos con una visita detallada para entender tus necesidades y el estilo que quieres reflejar en tus muebles personalizados.<\/li>\n<li style=\"text-align: justify;\" class=\"translation-block\"><strong>Dise\u00f1o creativo<\/strong>: Nuestros dise\u00f1adores crean bocetos y planos detallados, trabajando en estrecha colaboraci\u00f3n contigo para garantizar que cada detalle cuente.<\/li>\n<li style=\"text-align: justify;\" class=\"translation-block\"><strong>Fabricaci\u00f3n artesanal e innovaci\u00f3n<\/strong>: En nuestro taller, combinamos t\u00e9cnicas tradicionales con maquinaria y herramientas actuales para dar vida a tus muebles a medida con precisi\u00f3n, eficiencia y, por supuesto, encanto.<\/li>\n<li style=\"text-align: justify;\" class=\"translation-block\"><strong>Montaje profesional<\/strong>: Nuestro equipo monta cada pieza con mimo y dedicaci\u00f3n, asegurando un ajuste perfecto y un resultado impecable.<\/li>\n<\/ol>\n<h3>Dise\u00f1o, fabricaci\u00f3n e instalaci\u00f3n de muebles a medida<\/h3>\n<p style=\"text-align: justify;\">Desarrollamos un servicio completo de dise\u00f1o, fabricaci\u00f3n y montaje de  muebles a medida en Sant Feliu de Guixols (Girona), Costa Brava y nuestros alrededores: Palam\u00f3s, Begur, Llagostera, Sant Antoni de Calonge, Calonge, S'Agar\u00f3, Santa Cristina d'Aro, Platja d'Aro, Castell-Platja d'Aro, etc.<\/p>\n<h3>Espacios de madera a medida<\/h3>\n\t\t<div data-elementor-type=\"page\" data-elementor-id=\"2389\" class=\"elementor elementor-2389\" data-elementor-post-type=\"elementor_library\">\n\t\t\t\t\t\t<section class=\"elementor-section elementor-top-section elementor-element elementor-element-5453418 elementor-section-full_width elementor-section-height-default elementor-section-height-default\" data-id=\"5453418\" data-element_type=\"section\" data-e-type=\"section\">\n\t\t\t\t\t\t<div class=\"elementor-container elementor-column-gap-no\">\n\t\t\t\t\t<div class=\"elementor-column elementor-col-100 elementor-top-column elementor-element elementor-element-d473e01\" data-id=\"d473e01\" data-element_type=\"column\" data-e-type=\"column\">\n\t\t\t<div class=\"elementor-widget-wrap elementor-element-populated\">\n\t\t\t\t\t\t<div class=\"elementor-element elementor-element-256b56b elementor-widget elementor-widget-gallery\" data-id=\"256b56b\" data-element_type=\"widget\" data-e-type=\"widget\" data-settings=\"{&quot;columns&quot;:3,&quot;gallery_layout&quot;:&quot;grid&quot;,&quot;columns_tablet&quot;:2,&quot;columns_mobile&quot;:1,&quot;gap&quot;:{&quot;unit&quot;:&quot;px&quot;,&quot;size&quot;:10,&quot;sizes&quot;:[]},&quot;gap_tablet&quot;:{&quot;unit&quot;:&quot;px&quot;,&quot;size&quot;:10,&quot;sizes&quot;:[]},&quot;gap_mobile&quot;:{&quot;unit&quot;:&quot;px&quot;,&quot;size&quot;:10,&quot;sizes&quot;:[]},&quot;link_to&quot;:&quot;file&quot;,&quot;aspect_ratio&quot;:&quot;3:2&quot;,&quot;overlay_background&quot;:&quot;yes&quot;,&quot;content_hover_animation&quot;:&quot;fade-in&quot;}\" data-widget_type=\"gallery.default\">\n\t\t\t\t\t\t\t<div class=\"elementor-gallery__container\">\n\t\t\t\t\t\t\t<a class=\"e-gallery-item elementor-gallery-item elementor-animated-content\" href=\"https:\/\/www.llaganwood.com\/wp-content\/uploads\/2024\/09\/Llagan-Wood-Mobles-a-mida-1.jpg\" data-elementor-open-lightbox=\"yes\" data-elementor-lightbox-slideshow=\"256b56b\" data-elementor-lightbox-title=\"Llagan Wood - Mobles a mida\" data-e-action-hash=\"#elementor-action%3Aaction%3Dlightbox%26settings%3DeyJpZCI6MjM5MSwidXJsIjoiaHR0cHM6XC9cL3d3dy5sbGFnYW53b29kLmNvbVwvd3AtY29udGVudFwvdXBsb2Fkc1wvMjAyNFwvMDlcL0xsYWdhbi1Xb29kLU1vYmxlcy1hLW1pZGEtMS5qcGciLCJzbGlkZXNob3ciOiIyNTZiNTZiIn0%3D\">\n\t\t\t\t\t<div class=\"e-gallery-image elementor-gallery-item__image\" data-thumbnail=\"https:\/\/www.llaganwood.com\/wp-content\/uploads\/2024\/09\/Llagan-Wood-Mobles-a-mida-1.jpg\" data-width=\"900\" data-height=\"694\" aria-label=\"Llagan Wood - Muebles a medida\" role=\"img\" ><\/div>\n\t\t\t\t\t\t\t\t\t\t\t<div class=\"elementor-gallery-item__overlay\"><\/div>\n\t\t\t\t\t\t\t\t\t\t\t\t\t\t<\/a>\n\t\t\t\t\t\t\t<a class=\"e-gallery-item elementor-gallery-item elementor-animated-content\" href=\"https:\/\/www.llaganwood.com\/wp-content\/uploads\/2024\/09\/Llagan-Wood-Mobles-a-mida-2.jpg\" data-elementor-open-lightbox=\"yes\" data-elementor-lightbox-slideshow=\"256b56b\" data-elementor-lightbox-title=\"Llagan Wood - Mobles a mida\" data-e-action-hash=\"#elementor-action%3Aaction%3Dlightbox%26settings%3DeyJpZCI6MjM5MiwidXJsIjoiaHR0cHM6XC9cL3d3dy5sbGFnYW53b29kLmNvbVwvd3AtY29udGVudFwvdXBsb2Fkc1wvMjAyNFwvMDlcL0xsYWdhbi1Xb29kLU1vYmxlcy1hLW1pZGEtMi5qcGciLCJzbGlkZXNob3ciOiIyNTZiNTZiIn0%3D\">\n\t\t\t\t\t<div class=\"e-gallery-image elementor-gallery-item__image\" data-thumbnail=\"https:\/\/www.llaganwood.com\/wp-content\/uploads\/2024\/09\/Llagan-Wood-Mobles-a-mida-2.jpg\" data-width=\"900\" data-height=\"521\" aria-label=\"Llagan Wood - Muebles a medida\" role=\"img\" ><\/div>\n\t\t\t\t\t\t\t\t\t\t\t<div class=\"elementor-gallery-item__overlay\"><\/div>\n\t\t\t\t\t\t\t\t\t\t\t\t\t\t<\/a>\n\t\t\t\t\t\t\t<a class=\"e-gallery-item elementor-gallery-item elementor-animated-content\" href=\"https:\/\/www.llaganwood.com\/wp-content\/uploads\/2024\/09\/Llagan-Wood-Mobles-a-mida-3.jpg\" data-elementor-open-lightbox=\"yes\" data-elementor-lightbox-slideshow=\"256b56b\" data-elementor-lightbox-title=\"Llagan Wood - Mobles a mida\" data-e-action-hash=\"#elementor-action%3Aaction%3Dlightbox%26settings%3DeyJpZCI6MjM5MywidXJsIjoiaHR0cHM6XC9cL3d3dy5sbGFnYW53b29kLmNvbVwvd3AtY29udGVudFwvdXBsb2Fkc1wvMjAyNFwvMDlcL0xsYWdhbi1Xb29kLU1vYmxlcy1hLW1pZGEtMy5qcGciLCJzbGlkZXNob3ciOiIyNTZiNTZiIn0%3D\">\n\t\t\t\t\t<div class=\"e-gallery-image elementor-gallery-item__image\" data-thumbnail=\"https:\/\/www.llaganwood.com\/wp-content\/uploads\/2024\/09\/Llagan-Wood-Mobles-a-mida-3.jpg\" data-width=\"900\" data-height=\"523\" aria-label=\"Llagan Wood - Muebles a medida\" role=\"img\" ><\/div>\n\t\t\t\t\t\t\t\t\t\t\t<div class=\"elementor-gallery-item__overlay\"><\/div>\n\t\t\t\t\t\t\t\t\t\t\t\t\t\t<\/a>\n\t\t\t\t\t\t\t<a class=\"e-gallery-item elementor-gallery-item elementor-animated-content\" href=\"https:\/\/www.llaganwood.com\/wp-content\/uploads\/2024\/09\/Llagan-Wood-Mobles-a-mida-4.jpg\" data-elementor-open-lightbox=\"yes\" data-elementor-lightbox-slideshow=\"256b56b\" data-elementor-lightbox-title=\"Llagan Wood - Mobles a mida\" data-e-action-hash=\"#elementor-action%3Aaction%3Dlightbox%26settings%3DeyJpZCI6MjM5NCwidXJsIjoiaHR0cHM6XC9cL3d3dy5sbGFnYW53b29kLmNvbVwvd3AtY29udGVudFwvdXBsb2Fkc1wvMjAyNFwvMDlcL0xsYWdhbi1Xb29kLU1vYmxlcy1hLW1pZGEtNC5qcGciLCJzbGlkZXNob3ciOiIyNTZiNTZiIn0%3D\">\n\t\t\t\t\t<div class=\"e-gallery-image elementor-gallery-item__image\" data-thumbnail=\"https:\/\/www.llaganwood.com\/wp-content\/uploads\/2024\/09\/Llagan-Wood-Mobles-a-mida-4.jpg\" data-width=\"900\" data-height=\"632\" aria-label=\"Llagan Wood - Muebles a medida\" role=\"img\" ><\/div>\n\t\t\t\t\t\t\t\t\t\t\t<div class=\"elementor-gallery-item__overlay\"><\/div>\n\t\t\t\t\t\t\t\t\t\t\t\t\t\t<\/a>\n\t\t\t\t\t\t\t<a class=\"e-gallery-item elementor-gallery-item elementor-animated-content\" href=\"https:\/\/www.llaganwood.com\/wp-content\/uploads\/2024\/09\/Llagan-Wood-Mobles-a-mida-5.jpg\" data-elementor-open-lightbox=\"yes\" data-elementor-lightbox-slideshow=\"256b56b\" data-elementor-lightbox-title=\"Llagan Wood - Mobles a mida\" data-e-action-hash=\"#elementor-action%3Aaction%3Dlightbox%26settings%3DeyJpZCI6MjM5NSwidXJsIjoiaHR0cHM6XC9cL3d3dy5sbGFnYW53b29kLmNvbVwvd3AtY29udGVudFwvdXBsb2Fkc1wvMjAyNFwvMDlcL0xsYWdhbi1Xb29kLU1vYmxlcy1hLW1pZGEtNS5qcGciLCJzbGlkZXNob3ciOiIyNTZiNTZiIn0%3D\">\n\t\t\t\t\t<div class=\"e-gallery-image elementor-gallery-item__image\" data-thumbnail=\"https:\/\/www.llaganwood.com\/wp-content\/uploads\/2024\/09\/Llagan-Wood-Mobles-a-mida-5.jpg\" data-width=\"900\" data-height=\"867\" aria-label=\"Llagan Wood - Muebles a medida\" role=\"img\" ><\/div>\n\t\t\t\t\t\t\t\t\t\t\t<div class=\"elementor-gallery-item__overlay\"><\/div>\n\t\t\t\t\t\t\t\t\t\t\t\t\t\t<\/a>\n\t\t\t\t\t\t\t<a class=\"e-gallery-item elementor-gallery-item elementor-animated-content\" href=\"https:\/\/www.llaganwood.com\/wp-content\/uploads\/2024\/09\/Llagan-Wood-Mobles-a-mida-6.jpg\" data-elementor-open-lightbox=\"yes\" data-elementor-lightbox-slideshow=\"256b56b\" data-elementor-lightbox-title=\"Llagan Wood - Mobles a mida\" data-e-action-hash=\"#elementor-action%3Aaction%3Dlightbox%26settings%3DeyJpZCI6MjM5NiwidXJsIjoiaHR0cHM6XC9cL3d3dy5sbGFnYW53b29kLmNvbVwvd3AtY29udGVudFwvdXBsb2Fkc1wvMjAyNFwvMDlcL0xsYWdhbi1Xb29kLU1vYmxlcy1hLW1pZGEtNi5qcGciLCJzbGlkZXNob3ciOiIyNTZiNTZiIn0%3D\">\n\t\t\t\t\t<div class=\"e-gallery-image elementor-gallery-item__image\" data-thumbnail=\"https:\/\/www.llaganwood.com\/wp-content\/uploads\/2024\/09\/Llagan-Wood-Mobles-a-mida-6.jpg\" data-width=\"900\" data-height=\"597\" aria-label=\"Llagan Wood - Muebles a medida\" role=\"img\" ><\/div>\n\t\t\t\t\t\t\t\t\t\t\t<div class=\"elementor-gallery-item__overlay\"><\/div>\n\t\t\t\t\t\t\t\t\t\t\t\t\t\t<\/a>\n\t\t\t\t\t\t\t<a class=\"e-gallery-item elementor-gallery-item elementor-animated-content\" href=\"https:\/\/www.llaganwood.com\/wp-content\/uploads\/2024\/09\/Llagan-Wood-Mobles-a-mida-7.jpg\" data-elementor-open-lightbox=\"yes\" data-elementor-lightbox-slideshow=\"256b56b\" data-elementor-lightbox-title=\"Llagan Wood - Mobles a mida\" data-e-action-hash=\"#elementor-action%3Aaction%3Dlightbox%26settings%3DeyJpZCI6MjM5NywidXJsIjoiaHR0cHM6XC9cL3d3dy5sbGFnYW53b29kLmNvbVwvd3AtY29udGVudFwvdXBsb2Fkc1wvMjAyNFwvMDlcL0xsYWdhbi1Xb29kLU1vYmxlcy1hLW1pZGEtNy5qcGciLCJzbGlkZXNob3ciOiIyNTZiNTZiIn0%3D\">\n\t\t\t\t\t<div class=\"e-gallery-image elementor-gallery-item__image\" data-thumbnail=\"https:\/\/www.llaganwood.com\/wp-content\/uploads\/2024\/09\/Llagan-Wood-Mobles-a-mida-7.jpg\" data-width=\"900\" data-height=\"625\" aria-label=\"Llagan Wood - Muebles a medida\" role=\"img\" ><\/div>\n\t\t\t\t\t\t\t\t\t\t\t<div class=\"elementor-gallery-item__overlay\"><\/div>\n\t\t\t\t\t\t\t\t\t\t\t\t\t\t<\/a>\n\t\t\t\t\t\t\t<a class=\"e-gallery-item elementor-gallery-item elementor-animated-content\" href=\"https:\/\/www.llaganwood.com\/wp-content\/uploads\/2024\/09\/Llagan-Wood-Mobles-a-mida-8.jpg\" data-elementor-open-lightbox=\"yes\" data-elementor-lightbox-slideshow=\"256b56b\" data-elementor-lightbox-title=\"Llagan Wood - Mobles a mida\" data-e-action-hash=\"#elementor-action%3Aaction%3Dlightbox%26settings%3DeyJpZCI6MjM5OCwidXJsIjoiaHR0cHM6XC9cL3d3dy5sbGFnYW53b29kLmNvbVwvd3AtY29udGVudFwvdXBsb2Fkc1wvMjAyNFwvMDlcL0xsYWdhbi1Xb29kLU1vYmxlcy1hLW1pZGEtOC5qcGciLCJzbGlkZXNob3ciOiIyNTZiNTZiIn0%3D\">\n\t\t\t\t\t<div class=\"e-gallery-image elementor-gallery-item__image\" data-thumbnail=\"https:\/\/www.llaganwood.com\/wp-content\/uploads\/2024\/09\/Llagan-Wood-Mobles-a-mida-8.jpg\" data-width=\"900\" data-height=\"597\" aria-label=\"Llagan Wood - Muebles a medida\" role=\"img\" ><\/div>\n\t\t\t\t\t\t\t\t\t\t\t<div class=\"elementor-gallery-item__overlay\"><\/div>\n\t\t\t\t\t\t\t\t\t\t\t\t\t\t<\/a>\n\t\t\t\t\t\t\t<a class=\"e-gallery-item elementor-gallery-item elementor-animated-content\" href=\"https:\/\/www.llaganwood.com\/wp-content\/uploads\/2024\/09\/Llagan-Wood-Mobles-a-mida-9.jpg\" data-elementor-open-lightbox=\"yes\" data-elementor-lightbox-slideshow=\"256b56b\" data-elementor-lightbox-title=\"Llagan Wood - Mobles a mida\" data-e-action-hash=\"#elementor-action%3Aaction%3Dlightbox%26settings%3DeyJpZCI6MjM5OSwidXJsIjoiaHR0cHM6XC9cL3d3dy5sbGFnYW53b29kLmNvbVwvd3AtY29udGVudFwvdXBsb2Fkc1wvMjAyNFwvMDlcL0xsYWdhbi1Xb29kLU1vYmxlcy1hLW1pZGEtOS5qcGciLCJzbGlkZXNob3ciOiIyNTZiNTZiIn0%3D\">\n\t\t\t\t\t<div class=\"e-gallery-image elementor-gallery-item__image\" data-thumbnail=\"https:\/\/www.llaganwood.com\/wp-content\/uploads\/2024\/09\/Llagan-Wood-Mobles-a-mida-9.jpg\" data-width=\"791\" data-height=\"900\" aria-label=\"Llagan Wood - Muebles a medida\" role=\"img\" ><\/div>\n\t\t\t\t\t\t\t\t\t\t\t<div class=\"elementor-gallery-item__overlay\"><\/div>\n\t\t\t\t\t\t\t\t\t\t\t\t\t\t<\/a>\n\t\t\t\t\t\t\t<a class=\"e-gallery-item elementor-gallery-item elementor-animated-content\" href=\"https:\/\/www.llaganwood.com\/wp-content\/uploads\/2024\/09\/Llagan-Wood-Mobles-a-mida-10.jpg\" data-elementor-open-lightbox=\"yes\" data-elementor-lightbox-slideshow=\"256b56b\" data-elementor-lightbox-title=\"Llagan Wood - Mobles a mida\" data-e-action-hash=\"#elementor-action%3Aaction%3Dlightbox%26settings%3DeyJpZCI6MjQwMCwidXJsIjoiaHR0cHM6XC9cL3d3dy5sbGFnYW53b29kLmNvbVwvd3AtY29udGVudFwvdXBsb2Fkc1wvMjAyNFwvMDlcL0xsYWdhbi1Xb29kLU1vYmxlcy1hLW1pZGEtMTAuanBnIiwic2xpZGVzaG93IjoiMjU2YjU2YiJ9\">\n\t\t\t\t\t<div class=\"e-gallery-image elementor-gallery-item__image\" data-thumbnail=\"https:\/\/www.llaganwood.com\/wp-content\/uploads\/2024\/09\/Llagan-Wood-Mobles-a-mida-10.jpg\" data-width=\"900\" data-height=\"675\" aria-label=\"Llagan Wood - Muebles a medida\" role=\"img\" ><\/div>\n\t\t\t\t\t\t\t\t\t\t\t<div class=\"elementor-gallery-item__overlay\"><\/div>\n\t\t\t\t\t\t\t\t\t\t\t\t\t\t<\/a>\n\t\t\t\t\t\t\t<a class=\"e-gallery-item elementor-gallery-item elementor-animated-content\" href=\"https:\/\/www.llaganwood.com\/wp-content\/uploads\/2024\/09\/Llagan-Wood-Mobles-a-mida-11.jpg\" data-elementor-open-lightbox=\"yes\" data-elementor-lightbox-slideshow=\"256b56b\" data-elementor-lightbox-title=\"Llagan Wood - Mobles a mida\" data-e-action-hash=\"#elementor-action%3Aaction%3Dlightbox%26settings%3DeyJpZCI6MjQwMSwidXJsIjoiaHR0cHM6XC9cL3d3dy5sbGFnYW53b29kLmNvbVwvd3AtY29udGVudFwvdXBsb2Fkc1wvMjAyNFwvMDlcL0xsYWdhbi1Xb29kLU1vYmxlcy1hLW1pZGEtMTEuanBnIiwic2xpZGVzaG93IjoiMjU2YjU2YiJ9\">\n\t\t\t\t\t<div class=\"e-gallery-image elementor-gallery-item__image\" data-thumbnail=\"https:\/\/www.llaganwood.com\/wp-content\/uploads\/2024\/09\/Llagan-Wood-Mobles-a-mida-11.jpg\" data-width=\"900\" data-height=\"675\" aria-label=\"Llagan Wood - Muebles a medida\" role=\"img\" ><\/div>\n\t\t\t\t\t\t\t\t\t\t\t<div class=\"elementor-gallery-item__overlay\"><\/div>\n\t\t\t\t\t\t\t\t\t\t\t\t\t\t<\/a>\n\t\t\t\t\t<\/div>\n\t\t\t\t\t<\/div>\n\t\t\t\t\t<\/div>\n\t\t<\/div>\n\t\t\t\t\t<\/div>\n\t\t<\/section>\n\t\t\t\t<\/div>","protected":false},"excerpt":{"rendered":"<p>Els teus fusters de mobles a mida A Llagan Wood, fem que la teva visi\u00f3 i necessitats espec\u00edfiques es materialitzin gr\u00e0cies als nostres fusters de mobles a mida a Sant Feliu de Guixols (Girona) i Costa Brava. En triar mobles personalitzats, no nom\u00e9s aportes un toc exclusiu a casa teva, sin\u00f3 que tamb\u00e9 millores la<br \/><a class=\"moretag\" href=\"https:\/\/www.llaganwood.com\/es\/mobles-a-mida-sant-feliu-de-guixols-girona\/\">+ Read More<\/a><\/p>","protected":false},"author":1,"featured_media":1687,"parent":0,"menu_order":0,"comment_status":"closed","ping_status":"closed","template":"templates\/page-fullwidth_template.php","meta":{"footnotes":""},"class_list":["post-2225","page","type-page","status-publish","has-post-thumbnail","hentry"],"yoast_head":"<!-- This site is optimized with the Yoast SEO Premium plugin v27.2 (Yoast SEO v27.5) - https:\/\/yoast.com\/product\/yoast-seo-premium-wordpress\/ -->\n<title>Mobles a mida a Sant Feliu de Guixols (Girona) i Costa Brava - Llagan Wood<\/title>\n<meta name=\"description\" content=\"Mobles de fusta a mida a Sant Feliu de Gu\u00edxols (Girona) i Costa Brava \u2713 Tradici\u00f3 renovada \u2713 Creem espais de fusta a mida\" \/>\n<meta name=\"robots\" content=\"index, follow, max-snippet:-1, max-image-preview:large, max-video-preview:-1\" \/>\n<link rel=\"canonical\" href=\"https:\/\/www.llaganwood.com\/es\/mobles-a-mida-sant-feliu-de-guixols-girona\/\" \/>\n<meta property=\"og:locale\" content=\"es_ES\" \/>\n<meta property=\"og:type\" content=\"article\" \/>\n<meta property=\"og:title\" content=\"Mobles a mida a Sant Feliu de Guixols (Girona) i Costa Brava\" \/>\n<meta property=\"og:description\" content=\"Mobles de fusta a mida a Sant Feliu de Gu\u00edxols (Girona) i Costa Brava \u2713 Tradici\u00f3 renovada \u2713 Creem espais de fusta a mida\" \/>\n<meta property=\"og:url\" content=\"https:\/\/www.llaganwood.com\/es\/mobles-a-mida-sant-feliu-de-guixols-girona\/\" \/>\n<meta property=\"og:site_name\" content=\"Llagan Wood\" \/>\n<meta property=\"article:publisher\" content=\"https:\/\/www.facebook.com\/fusteriapadros\" \/>\n<meta property=\"article:modified_time\" content=\"2024-09-04T17:19:18+00:00\" \/>\n<meta property=\"og:image\" content=\"https:\/\/www.llaganwood.com\/wp-content\/uploads\/2023\/09\/Llagan-Wood-Interiors.jpg\" \/>\n\t<meta property=\"og:image:width\" content=\"1400\" \/>\n\t<meta property=\"og:image:height\" content=\"380\" \/>\n\t<meta property=\"og:image:type\" content=\"image\/jpeg\" \/>\n<meta name=\"twitter:card\" content=\"summary_large_image\" \/>\n<meta name=\"twitter:label1\" content=\"Tiempo de lectura\" \/>\n\t<meta name=\"twitter:data1\" content=\"2 minutos\" \/>\n<script type=\"application\/ld+json\" class=\"yoast-schema-graph\">{\"@context\":\"https:\\\/\\\/schema.org\",\"@graph\":[{\"@type\":\"WebPage\",\"@id\":\"https:\\\/\\\/www.llaganwood.com\\\/mobles-a-mida-sant-feliu-de-guixols-girona\\\/\",\"url\":\"https:\\\/\\\/www.llaganwood.com\\\/mobles-a-mida-sant-feliu-de-guixols-girona\\\/\",\"name\":\"Mobles a mida a Sant Feliu de Guixols (Girona) i Costa Brava - Llagan Wood\",\"isPartOf\":{\"@id\":\"https:\\\/\\\/www.llaganwood.com\\\/#website\"},\"primaryImageOfPage\":{\"@id\":\"https:\\\/\\\/www.llaganwood.com\\\/mobles-a-mida-sant-feliu-de-guixols-girona\\\/#primaryimage\"},\"image\":{\"@id\":\"https:\\\/\\\/www.llaganwood.com\\\/mobles-a-mida-sant-feliu-de-guixols-girona\\\/#primaryimage\"},\"thumbnailUrl\":\"https:\\\/\\\/www.llaganwood.com\\\/wp-content\\\/uploads\\\/2023\\\/09\\\/Llagan-Wood-Interiors.jpg\",\"datePublished\":\"2024-08-07T15:53:34+00:00\",\"dateModified\":\"2024-09-04T17:19:18+00:00\",\"description\":\"Mobles de fusta a mida a Sant Feliu de Gu\u00edxols (Girona) i Costa Brava \u2713 Tradici\u00f3 renovada \u2713 Creem espais de fusta a mida\",\"breadcrumb\":{\"@id\":\"https:\\\/\\\/www.llaganwood.com\\\/mobles-a-mida-sant-feliu-de-guixols-girona\\\/#breadcrumb\"},\"inLanguage\":\"es\",\"potentialAction\":[{\"@type\":\"ReadAction\",\"target\":[\"https:\\\/\\\/www.llaganwood.com\\\/mobles-a-mida-sant-feliu-de-guixols-girona\\\/\"]}]},{\"@type\":\"ImageObject\",\"inLanguage\":\"es\",\"@id\":\"https:\\\/\\\/www.llaganwood.com\\\/mobles-a-mida-sant-feliu-de-guixols-girona\\\/#primaryimage\",\"url\":\"https:\\\/\\\/www.llaganwood.com\\\/wp-content\\\/uploads\\\/2023\\\/09\\\/Llagan-Wood-Interiors.jpg\",\"contentUrl\":\"https:\\\/\\\/www.llaganwood.com\\\/wp-content\\\/uploads\\\/2023\\\/09\\\/Llagan-Wood-Interiors.jpg\",\"width\":1400,\"height\":380,\"caption\":\"Llagan Wood - Interiors\"},{\"@type\":\"BreadcrumbList\",\"@id\":\"https:\\\/\\\/www.llaganwood.com\\\/mobles-a-mida-sant-feliu-de-guixols-girona\\\/#breadcrumb\",\"itemListElement\":[{\"@type\":\"ListItem\",\"position\":1,\"name\":\"Home\",\"item\":\"https:\\\/\\\/www.llaganwood.com\\\/\"},{\"@type\":\"ListItem\",\"position\":2,\"name\":\"Mobles a mida a Sant Feliu de Guixols (Girona) i Costa Brava\"}]},{\"@type\":\"WebSite\",\"@id\":\"https:\\\/\\\/www.llaganwood.com\\\/#website\",\"url\":\"https:\\\/\\\/www.llaganwood.com\\\/\",\"name\":\"Llagan Wood\",\"description\":\"Sant Feliu de Gu\u00edxols\",\"publisher\":{\"@id\":\"https:\\\/\\\/www.llaganwood.com\\\/#organization\"},\"potentialAction\":[{\"@type\":\"SearchAction\",\"target\":{\"@type\":\"EntryPoint\",\"urlTemplate\":\"https:\\\/\\\/www.llaganwood.com\\\/?s={search_term_string}\"},\"query-input\":{\"@type\":\"PropertyValueSpecification\",\"valueRequired\":true,\"valueName\":\"search_term_string\"}}],\"inLanguage\":\"es\"},{\"@type\":\"Organization\",\"@id\":\"https:\\\/\\\/www.llaganwood.com\\\/#organization\",\"name\":\"Llagan Wood\",\"url\":\"https:\\\/\\\/www.llaganwood.com\\\/\",\"logo\":{\"@type\":\"ImageObject\",\"inLanguage\":\"es\",\"@id\":\"https:\\\/\\\/www.llaganwood.com\\\/#\\\/schema\\\/logo\\\/image\\\/\",\"url\":\"https:\\\/\\\/www.llaganwood.com\\\/wp-content\\\/uploads\\\/2022\\\/01\\\/Fusteria-Padros-Llagan-Wood-Logo-Horitzontal.png\",\"contentUrl\":\"https:\\\/\\\/www.llaganwood.com\\\/wp-content\\\/uploads\\\/2022\\\/01\\\/Fusteria-Padros-Llagan-Wood-Logo-Horitzontal.png\",\"width\":260,\"height\":73,\"caption\":\"Llagan Wood\"},\"image\":{\"@id\":\"https:\\\/\\\/www.llaganwood.com\\\/#\\\/schema\\\/logo\\\/image\\\/\"},\"sameAs\":[\"https:\\\/\\\/www.facebook.com\\\/fusteriapadros\",\"https:\\\/\\\/www.instagram.com\\\/llaganwood\\\/\"]}]}<\/script>\n<!-- \/ Yoast SEO Premium plugin. -->","yoast_head_json":{"title":"Muebles a medida en Sant Feliu de Guixols (Girona) i Costa Brava - Llagan Wood","description":"Muebles de madera a medida en Sant Feliu de Gu\u00edxols (Girona) y Costa Brava \u2713 Tradici\u00f3n renovada \u2713 Creamos espacios de madera a medida","robots":{"index":"index","follow":"follow","max-snippet":"max-snippet:-1","max-image-preview":"max-image-preview:large","max-video-preview":"max-video-preview:-1"},"canonical":"https:\/\/www.llaganwood.com\/es\/mobles-a-mida-sant-feliu-de-guixols-girona\/","og_locale":"es_ES","og_type":"article","og_title":"Mobles a mida a Sant Feliu de Guixols (Girona) i Costa Brava","og_description":"Mobles de fusta a mida a Sant Feliu de Gu\u00edxols (Girona) i Costa Brava \u2713 Tradici\u00f3 renovada \u2713 Creem espais de fusta a mida","og_url":"https:\/\/www.llaganwood.com\/es\/mobles-a-mida-sant-feliu-de-guixols-girona\/","og_site_name":"Llagan Wood","article_publisher":"https:\/\/www.facebook.com\/fusteriapadros","article_modified_time":"2024-09-04T17:19:18+00:00","og_image":[{"width":1400,"height":380,"url":"https:\/\/www.llaganwood.com\/wp-content\/uploads\/2023\/09\/Llagan-Wood-Interiors.jpg","type":"image\/jpeg"}],"twitter_card":"summary_large_image","twitter_misc":{"Tiempo de lectura":"2 minutos"},"schema":{"@context":"https:\/\/schema.org","@graph":[{"@type":"WebPage","@id":"https:\/\/www.llaganwood.com\/mobles-a-mida-sant-feliu-de-guixols-girona\/","url":"https:\/\/www.llaganwood.com\/mobles-a-mida-sant-feliu-de-guixols-girona\/","name":"Muebles a medida en Sant Feliu de Guixols (Girona) i Costa Brava - Llagan Wood","isPartOf":{"@id":"https:\/\/www.llaganwood.com\/#website"},"primaryImageOfPage":{"@id":"https:\/\/www.llaganwood.com\/mobles-a-mida-sant-feliu-de-guixols-girona\/#primaryimage"},"image":{"@id":"https:\/\/www.llaganwood.com\/mobles-a-mida-sant-feliu-de-guixols-girona\/#primaryimage"},"thumbnailUrl":"https:\/\/www.llaganwood.com\/wp-content\/uploads\/2023\/09\/Llagan-Wood-Interiors.jpg","datePublished":"2024-08-07T15:53:34+00:00","dateModified":"2024-09-04T17:19:18+00:00","description":"Muebles de madera a medida en Sant Feliu de Gu\u00edxols (Girona) y Costa Brava \u2713 Tradici\u00f3n renovada \u2713 Creamos espacios de madera a medida","breadcrumb":{"@id":"https:\/\/www.llaganwood.com\/mobles-a-mida-sant-feliu-de-guixols-girona\/#breadcrumb"},"inLanguage":"es","potentialAction":[{"@type":"ReadAction","target":["https:\/\/www.llaganwood.com\/mobles-a-mida-sant-feliu-de-guixols-girona\/"]}]},{"@type":"ImageObject","inLanguage":"es","@id":"https:\/\/www.llaganwood.com\/mobles-a-mida-sant-feliu-de-guixols-girona\/#primaryimage","url":"https:\/\/www.llaganwood.com\/wp-content\/uploads\/2023\/09\/Llagan-Wood-Interiors.jpg","contentUrl":"https:\/\/www.llaganwood.com\/wp-content\/uploads\/2023\/09\/Llagan-Wood-Interiors.jpg","width":1400,"height":380,"caption":"Llagan Wood - Interiors"},{"@type":"BreadcrumbList","@id":"https:\/\/www.llaganwood.com\/mobles-a-mida-sant-feliu-de-guixols-girona\/#breadcrumb","itemListElement":[{"@type":"ListItem","position":1,"name":"Home","item":"https:\/\/www.llaganwood.com\/"},{"@type":"ListItem","position":2,"name":"Mobles a mida a Sant Feliu de Guixols (Girona) i Costa Brava"}]},{"@type":"WebSite","@id":"https:\/\/www.llaganwood.com\/#website","url":"https:\/\/www.llaganwood.com\/","name":"Llagan Wood","description":"Sant Feliu de Gu\u00edxols","publisher":{"@id":"https:\/\/www.llaganwood.com\/#organization"},"potentialAction":[{"@type":"SearchAction","target":{"@type":"EntryPoint","urlTemplate":"https:\/\/www.llaganwood.com\/?s={search_term_string}"},"query-input":{"@type":"PropertyValueSpecification","valueRequired":true,"valueName":"search_term_string"}}],"inLanguage":"es"},{"@type":"Organization","@id":"https:\/\/www.llaganwood.com\/#organization","name":"Llagan Wood","url":"https:\/\/www.llaganwood.com\/","logo":{"@type":"ImageObject","inLanguage":"es","@id":"https:\/\/www.llaganwood.com\/#\/schema\/logo\/image\/","url":"https:\/\/www.llaganwood.com\/wp-content\/uploads\/2022\/01\/Fusteria-Padros-Llagan-Wood-Logo-Horitzontal.png","contentUrl":"https:\/\/www.llaganwood.com\/wp-content\/uploads\/2022\/01\/Fusteria-Padros-Llagan-Wood-Logo-Horitzontal.png","width":260,"height":73,"caption":"Llagan Wood"},"image":{"@id":"https:\/\/www.llaganwood.com\/#\/schema\/logo\/image\/"},"sameAs":["https:\/\/www.facebook.com\/fusteriapadros","https:\/\/www.instagram.com\/llaganwood\/"]}]}},"_links":{"self":[{"href":"https:\/\/www.llaganwood.com\/es\/wp-json\/wp\/v2\/pages\/2225","targetHints":{"allow":["GET"]}}],"collection":[{"href":"https:\/\/www.llaganwood.com\/es\/wp-json\/wp\/v2\/pages"}],"about":[{"href":"https:\/\/www.llaganwood.com\/es\/wp-json\/wp\/v2\/types\/page"}],"author":[{"embeddable":true,"href":"https:\/\/www.llaganwood.com\/es\/wp-json\/wp\/v2\/users\/1"}],"replies":[{"embeddable":true,"href":"https:\/\/www.llaganwood.com\/es\/wp-json\/wp\/v2\/comments?post=2225"}],"version-history":[{"count":0,"href":"https:\/\/www.llaganwood.com\/es\/wp-json\/wp\/v2\/pages\/2225\/revisions"}],"wp:featuredmedia":[{"embeddable":true,"href":"https:\/\/www.llaganwood.com\/es\/wp-json\/wp\/v2\/media\/1687"}],"wp:attachment":[{"href":"https:\/\/www.llaganwood.com\/es\/wp-json\/wp\/v2\/media?parent=2225"}],"curies":[{"name":"wp","href":"https:\/\/api.w.org\/{rel}","templated":true}]}}