{"id":10,"date":"2015-07-21T15:23:16","date_gmt":"2015-07-21T13:23:16","guid":{"rendered":"https:\/\/www.llaganwood.com\/?page_id=10"},"modified":"2024-09-25T10:35:29","modified_gmt":"2024-09-25T08:35:29","slug":"contacte","status":"publish","type":"page","link":"https:\/\/www.llaganwood.com\/es\/contacte\/","title":{"rendered":"Contacto"},"content":{"rendered":"\t\t<div data-elementor-type=\"wp-page\" data-elementor-id=\"10\" class=\"elementor elementor-10\" data-elementor-post-type=\"page\">\n\t\t\t\t\t\t<section class=\"elementor-section elementor-top-section elementor-element elementor-element-577d2be elementor-section-full_width elementor-section-height-default elementor-section-height-default\" data-id=\"577d2be\" data-element_type=\"section\" data-e-type=\"section\">\n\t\t\t\t\t\t<div class=\"elementor-container elementor-column-gap-no\">\n\t\t\t\t\t<div class=\"elementor-column elementor-col-100 elementor-top-column elementor-element elementor-element-dae1a02\" data-id=\"dae1a02\" data-element_type=\"column\" data-e-type=\"column\">\n\t\t\t<div class=\"elementor-widget-wrap elementor-element-populated\">\n\t\t\t\t\t\t<div class=\"elementor-element elementor-element-d179c2f elementor-widget elementor-widget-heading\" data-id=\"d179c2f\" data-element_type=\"widget\" data-e-type=\"widget\" data-widget_type=\"heading.default\">\n\t\t\t\t\t<h2 class=\"elementor-heading-title elementor-size-default\">En qu\u00e8 et podem ajudar?<\/h2>\t\t\t\t<\/div>\n\t\t\t\t<div class=\"elementor-element elementor-element-e9e74c3 elementor-widget elementor-widget-text-editor\" data-id=\"e9e74c3\" data-element_type=\"widget\" data-e-type=\"widget\" data-widget_type=\"text-editor.default\">\n\t\t\t\t\t\t\t\t\t<p>Si tens qualsevol consulta, si necessites alguna informaci\u00f3 o aclariment sobre els nostres serveis&#8230; contacta amb <strong>Llagan Wood<\/strong>. Ens comprometem a respondre a la major brevetat possible.<\/p>\t\t\t\t\t\t\t\t<\/div>\n\t\t\t\t<div class=\"elementor-element elementor-element-c9ce1fa elementor-icon-list--layout-inline elementor-mobile-align-center elementor-align-center elementor-list-item-link-full_width elementor-widget elementor-widget-icon-list\" data-id=\"c9ce1fa\" data-element_type=\"widget\" data-e-type=\"widget\" data-widget_type=\"icon-list.default\">\n\t\t\t\t\t\t\t<ul class=\"elementor-icon-list-items elementor-inline-items\">\n\t\t\t\t\t\t\t<li class=\"elementor-icon-list-item elementor-inline-item\">\n\t\t\t\t\t\t\t\t\t\t\t<a href=\"mailto:info@llaganwood.com\">\n\n\t\t\t\t\t\t\t\t\t\t\t\t<span class=\"elementor-icon-list-icon\">\n\t\t\t\t\t\t\t<i aria-hidden=\"true\" class=\"fas fa-envelope\"><\/i>\t\t\t\t\t\t<\/span>\n\t\t\t\t\t\t\t\t\t\t<span class=\"elementor-icon-list-text\">info@llaganwood.com<\/span>\n\t\t\t\t\t\t\t\t\t\t\t<\/a>\n\t\t\t\t\t\t\t\t\t<\/li>\n\t\t\t\t\t\t\t\t<li class=\"elementor-icon-list-item elementor-inline-item\">\n\t\t\t\t\t\t\t\t\t\t\t<a href=\"tel:972320623\">\n\n\t\t\t\t\t\t\t\t\t\t\t\t<span class=\"elementor-icon-list-icon\">\n\t\t\t\t\t\t\t<i aria-hidden=\"true\" class=\"fas fa-phone-alt\"><\/i>\t\t\t\t\t\t<\/span>\n\t\t\t\t\t\t\t\t\t\t<span class=\"elementor-icon-list-text\">972 320 623<\/span>\n\t\t\t\t\t\t\t\t\t\t\t<\/a>\n\t\t\t\t\t\t\t\t\t<\/li>\n\t\t\t\t\t\t\t\t<li class=\"elementor-icon-list-item elementor-inline-item\">\n\t\t\t\t\t\t\t\t\t\t\t<a href=\"tel:627262696\">\n\n\t\t\t\t\t\t\t\t\t\t\t\t<span class=\"elementor-icon-list-icon\">\n\t\t\t\t\t\t\t<i aria-hidden=\"true\" class=\"fas fa-mobile-alt\"><\/i>\t\t\t\t\t\t<\/span>\n\t\t\t\t\t\t\t\t\t\t<span class=\"elementor-icon-list-text\">627 262 696<\/span>\n\t\t\t\t\t\t\t\t\t\t\t<\/a>\n\t\t\t\t\t\t\t\t\t<\/li>\n\t\t\t\t\t\t\t\t<li class=\"elementor-icon-list-item elementor-inline-item\">\n\t\t\t\t\t\t\t\t\t\t\t<a href=\"tel:625040249\">\n\n\t\t\t\t\t\t\t\t\t\t\t\t<span class=\"elementor-icon-list-icon\">\n\t\t\t\t\t\t\t<i aria-hidden=\"true\" class=\"fas fa-mobile-alt\"><\/i>\t\t\t\t\t\t<\/span>\n\t\t\t\t\t\t\t\t\t\t<span class=\"elementor-icon-list-text\">625 040 249<\/span>\n\t\t\t\t\t\t\t\t\t\t\t<\/a>\n\t\t\t\t\t\t\t\t\t<\/li>\n\t\t\t\t\t\t\t\t<li class=\"elementor-icon-list-item elementor-inline-item\">\n\t\t\t\t\t\t\t\t\t\t\t<a href=\"https:\/\/wa.me\/34625040249\" target=\"_blank\">\n\n\t\t\t\t\t\t\t\t\t\t\t\t<span class=\"elementor-icon-list-icon\">\n\t\t\t\t\t\t\t<i aria-hidden=\"true\" class=\"fab fa-whatsapp\"><\/i>\t\t\t\t\t\t<\/span>\n\t\t\t\t\t\t\t\t\t\t<span class=\"elementor-icon-list-text\">whatsapp<\/span>\n\t\t\t\t\t\t\t\t\t\t\t<\/a>\n\t\t\t\t\t\t\t\t\t<\/li>\n\t\t\t\t\t\t<\/ul>\n\t\t\t\t\t\t<\/div>\n\t\t\t\t<div class=\"elementor-element elementor-element-16923b3 elementor-button-align-start elementor-widget elementor-widget-form\" data-id=\"16923b3\" data-element_type=\"widget\" data-e-type=\"widget\" data-settings=\"{&quot;step_next_label&quot;:&quot;Next&quot;,&quot;step_previous_label&quot;:&quot;Previous&quot;,&quot;button_width&quot;:&quot;100&quot;,&quot;step_type&quot;:&quot;number_text&quot;,&quot;step_icon_shape&quot;:&quot;circle&quot;}\" data-widget_type=\"form.default\">\n\t\t\t\t\t\t\t<form class=\"elementor-form\" method=\"post\" name=\"Nuevo Formulario\" aria-label=\"Nuevo Formulario\">\n\t\t\t<input type=\"hidden\" name=\"post_id\" value=\"10\"\/>\n\t\t\t<input type=\"hidden\" name=\"form_id\" value=\"16923b3\"\/>\n\t\t\t<input type=\"hidden\" name=\"referer_title\" value=\"Contacte - Llagan Wood\" \/>\n\n\t\t\t\t\t\t\t<input type=\"hidden\" name=\"queried_id\" value=\"10\"\/>\n\t\t\t\n\t\t\t<div class=\"elementor-form-fields-wrapper elementor-labels-\">\n\t\t\t\t\t\t\t\t<div class=\"elementor-field-type-text elementor-field-group elementor-column elementor-field-group-name elementor-col-50 elementor-field-required\">\n\t\t\t\t\t\t\t\t\t\t\t\t<label for=\"form-field-name\" class=\"elementor-field-label elementor-screen-only\">\n\t\t\t\t\t\t\t\tNom\t\t\t\t\t\t\t<\/label>\n\t\t\t\t\t\t\t\t\t\t\t\t\t\t<input size=\"1\" type=\"text\" name=\"form_fields[name]\" id=\"form-field-name\" class=\"elementor-field elementor-size-md  elementor-field-textual\" placeholder=\"Nom\" required=\"required\">\n\t\t\t\t\t\t\t\t\t\t\t<\/div>\n\t\t\t\t\t\t\t\t<div class=\"elementor-field-type-email elementor-field-group elementor-column elementor-field-group-email elementor-col-50 elementor-field-required\">\n\t\t\t\t\t\t\t\t\t\t\t\t<label for=\"form-field-email\" class=\"elementor-field-label elementor-screen-only\">\n\t\t\t\t\t\t\t\tCorreu electr\u00f2nic\t\t\t\t\t\t\t<\/label>\n\t\t\t\t\t\t\t\t\t\t\t\t\t\t<input size=\"1\" type=\"email\" name=\"form_fields[email]\" id=\"form-field-email\" class=\"elementor-field elementor-size-md  elementor-field-textual\" placeholder=\"Correu electr\u00f2nic\" required=\"required\">\n\t\t\t\t\t\t\t\t\t\t\t<\/div>\n\t\t\t\t\t\t\t\t<div class=\"elementor-field-type-textarea elementor-field-group elementor-column elementor-field-group-message elementor-col-100 elementor-field-required\">\n\t\t\t\t\t\t\t\t\t\t\t\t<label for=\"form-field-message\" class=\"elementor-field-label elementor-screen-only\">\n\t\t\t\t\t\t\t\tMissatge\t\t\t\t\t\t\t<\/label>\n\t\t\t\t\t\t<textarea class=\"elementor-field-textual elementor-field  elementor-size-md\" name=\"form_fields[message]\" id=\"form-field-message\" rows=\"4\" placeholder=\"Missatge\" required=\"required\"><\/textarea>\t\t\t\t<\/div>\n\t\t\t\t\t\t\t\t<div class=\"elementor-field-type-text\">\n\t\t\t\t\t<input size=\"1\" type=\"text\" name=\"form_fields[field_2890d80]\" id=\"form-field-field_2890d80\" class=\"elementor-field elementor-size-md \" style=\"display:none !important;\">\t\t\t\t<\/div>\n\t\t\t\t\t\t\t\t<div class=\"elementor-field-type-acceptance elementor-field-group elementor-column elementor-field-group-field_e0a8ac7 elementor-col-100 elementor-field-required\">\n\t\t\t\t\t\t\t\t\t\t\t\t<label for=\"form-field-field_e0a8ac7\" class=\"elementor-field-label elementor-screen-only\">\n\t\t\t\t\t\t\t\tTermes i condicions\t\t\t\t\t\t\t<\/label>\n\t\t\t\t\t\t\t\t<div class=\"elementor-field-subgroup\">\n\t\t\t<span class=\"elementor-field-option\">\n\t\t\t\t<input type=\"checkbox\" name=\"form_fields[field_e0a8ac7]\" id=\"form-field-field_e0a8ac7\" class=\"elementor-field elementor-size-md  elementor-acceptance-field\" required=\"required\">\n\t\t\t\t<label for=\"form-field-field_e0a8ac7\">He llegit i accepto els termes i condicions de <a href=https:\/\/www.llaganwood.com\/politica-de-privacitat\/ target='_blank'><em>protecci\u00f3 de dades i pol\u00edtica de privacitat.<\/em><\/a><\/label>\t\t\t<\/span>\n\t\t<\/div>\n\t\t\t\t\t\t<\/div>\n\t\t\t\t\t\t\t\t<div class=\"elementor-field-type-acceptance elementor-field-group elementor-column elementor-field-group-field_ecaf849 elementor-col-100\">\n\t\t\t\t\t\t\t\t\t\t\t\t<label for=\"form-field-field_ecaf849\" class=\"elementor-field-label elementor-screen-only\">\n\t\t\t\t\t\t\t\tAutoritzo\t\t\t\t\t\t\t<\/label>\n\t\t\t\t\t\t\t\t<div class=\"elementor-field-subgroup\">\n\t\t\t<span class=\"elementor-field-option\">\n\t\t\t\t<input type=\"checkbox\" name=\"form_fields[field_ecaf849]\" id=\"form-field-field_ecaf849\" class=\"elementor-field elementor-size-md  elementor-acceptance-field\">\n\t\t\t\t<label for=\"form-field-field_ecaf849\">Autoritzo el tractament de les meves dades per poder rebre informaci\u00f3 per mitjans electr\u00f2nics.<\/label>\t\t\t<\/span>\n\t\t<\/div>\n\t\t\t\t\t\t<\/div>\n\t\t\t\t\t\t\t\t<div class=\"elementor-field-group elementor-column elementor-field-type-submit elementor-col-100 e-form__buttons\">\n\t\t\t\t\t<button class=\"elementor-button elementor-size-xs\" type=\"submit\">\n\t\t\t\t\t\t<span class=\"elementor-button-content-wrapper\">\n\t\t\t\t\t\t\t\t\t\t\t\t\t\t\t\t\t\t\t\t\t\t<span class=\"elementor-button-text\">ENVIAR<\/span>\n\t\t\t\t\t\t\t\t\t\t\t\t\t<\/span>\n\t\t\t\t\t<\/button>\n\t\t\t\t<\/div>\n\t\t\t<\/div>\n\t\t<\/form>\n\t\t\t\t\t\t<\/div>\n\t\t\t\t<div class=\"elementor-element elementor-element-37f5081 elementor-widget elementor-widget-toggle\" data-id=\"37f5081\" data-element_type=\"widget\" data-e-type=\"widget\" data-widget_type=\"toggle.default\">\n\t\t\t\t\t\t\t<div class=\"elementor-toggle\">\n\t\t\t\t\t\t\t<div class=\"elementor-toggle-item\">\n\t\t\t\t\t<div id=\"elementor-tab-title-5861\" class=\"elementor-tab-title\" data-tab=\"1\" role=\"button\" aria-controls=\"elementor-tab-content-5861\" aria-expanded=\"false\">\n\t\t\t\t\t\t\t\t\t\t\t\t<span class=\"elementor-toggle-icon elementor-toggle-icon-left\" aria-hidden=\"true\">\n\t\t\t\t\t\t\t\t\t\t\t\t\t\t\t<span class=\"elementor-toggle-icon-closed\"><i class=\"fas fa-angle-down\"><\/i><\/span>\n\t\t\t\t\t\t\t\t<span class=\"elementor-toggle-icon-opened\"><i class=\"elementor-toggle-icon-opened fas fa-angle-up\"><\/i><\/span>\n\t\t\t\t\t\t\t\t\t\t\t\t\t<\/span>\n\t\t\t\t\t\t\t\t\t\t\t\t<a class=\"elementor-toggle-title\" tabindex=\"0\">Informaci\u00f3 b\u00e0sica sobre el tractament de dades - Reglament (UE) 2016\/679<\/a>\n\t\t\t\t\t<\/div>\n\n\t\t\t\t\t<div id=\"elementor-tab-content-5861\" class=\"elementor-tab-content elementor-clearfix\" data-tab=\"1\" role=\"region\" aria-labelledby=\"elementor-tab-title-5861\"><p><b>Llagan Wood<\/b> informa que les dades de car\u00e0cter personal que ens proporcionis omplint aquest formulari seran tractats per la nostra empresa com a responsable \u00faltima d&#8217;aquesta web | La finalitat de la recollida i tractament de les dades personals que et sol\u00b7licitem \u00e9s enviar-te les nostres publicacions, promocions de productes i\/o serveis i recursos exclusius | En marcar la casella d&#8217;acceptaci\u00f3, est\u00e0s donant el teu leg\u00edtim consentiment perqu\u00e8 les teves dades siguin tractades conforme a les finalitats d&#8217;aquest formulari descrites en la <a href=\"https:\/\/www.llaganwood.com\/politica-de-privacitat\/\" target=\"_blank\" rel=\"noopener\"><b>pol\u00edtica de privacitat<\/b><\/a> | Com a usuari i interessat t&#8217;informem que les dades que ens facilites seran guardades als servidors d&#8217;<b>Estudi 33<\/b> (administrador de l&#8217;allotjament web), garantint l&#8217;empresa uns nivells de seguretat adequats (<a href=\"https:\/\/www.estudi33.net\/politica-de-privacitat\/\" target=\"_blank\" rel=\"noopener\">veure <b>pol\u00edtica de privacitat d&#8217;Estudi 33<\/b><\/a>) | Podr\u00e0s exercir els teus drets d&#8217;acc\u00e9s, rectificaci\u00f3, limitaci\u00f3 i suprimir les dades a <a href=\"mailto:info@llaganwood.com\"><b>info@llaganwood.com<\/b><\/a>. Pots consultar la informaci\u00f3 addicional i detallada sobre Protecci\u00f3 de Dades a la nostra <a href=\"https:\/\/www.llaganwood.com\/politica-de-privacitat\/\" target=\"_blank\" rel=\"noopener\"><b>pol\u00edtica de privacitat<\/b><\/a>.<\/p><\/div>\n\t\t\t\t<\/div>\n\t\t\t\t\t\t\t\t<\/div>\n\t\t\t\t\t\t<\/div>\n\t\t\t\t<div class=\"elementor-element elementor-element-3fc1ad0 elementor-widget elementor-widget-heading\" data-id=\"3fc1ad0\" data-element_type=\"widget\" data-e-type=\"widget\" data-widget_type=\"heading.default\">\n\t\t\t\t\t<h2 class=\"elementor-heading-title elementor-size-default\">On som?<\/h2>\t\t\t\t<\/div>\n\t\t\t\t<div class=\"elementor-element elementor-element-5ad7a92 elementor-icon-list--layout-inline elementor-mobile-align-center elementor-align-center elementor-list-item-link-full_width elementor-widget elementor-widget-icon-list\" data-id=\"5ad7a92\" data-element_type=\"widget\" data-e-type=\"widget\" data-widget_type=\"icon-list.default\">\n\t\t\t\t\t\t\t<ul class=\"elementor-icon-list-items elementor-inline-items\">\n\t\t\t\t\t\t\t<li class=\"elementor-icon-list-item elementor-inline-item\">\n\t\t\t\t\t\t\t\t\t\t\t<a href=\"https:\/\/www.google.com\/maps\/place\/Fusteria+Padr%C3%B3s\/@41.7827007,3.0210024,17z\/data=!3m1!4b1!4m5!3m4!1s0x12bb06a22fcf9cdf:0x3fed09d8f134ca3a!8m2!3d41.7827007!4d3.0231911\" target=\"_blank\">\n\n\t\t\t\t\t\t\t\t\t\t\t\t<span class=\"elementor-icon-list-icon\">\n\t\t\t\t\t\t\t<i aria-hidden=\"true\" class=\"fas fa-map-marker-alt\"><\/i>\t\t\t\t\t\t<\/span>\n\t\t\t\t\t\t\t\t\t\t<span class=\"elementor-icon-list-text\">Carrer Bruc, 11 | Sant Feliu de Gu\u00edxols<\/span>\n\t\t\t\t\t\t\t\t\t\t\t<\/a>\n\t\t\t\t\t\t\t\t\t<\/li>\n\t\t\t\t\t\t<\/ul>\n\t\t\t\t\t\t<\/div>\n\t\t\t\t<div class=\"elementor-element elementor-element-ae42dcd elementor-widget elementor-widget-google_maps\" data-id=\"ae42dcd\" data-element_type=\"widget\" data-e-type=\"widget\" data-widget_type=\"google_maps.default\">\n\t\t\t\t\t\t\t<div class=\"elementor-custom-embed\">\n\t\t\t<iframe loading=\"lazy\"\n\t\t\t\t\tsrc=\"https:\/\/maps.google.com\/maps?q=Fusteria%20Padr%C3%B3s%20Llagan%20wood&#038;t=m&#038;z=16&#038;output=embed&#038;iwloc=near\"\n\t\t\t\t\ttitle=\"Fusteria Padr\u00f3s Llagan wood\"\n\t\t\t\t\taria-label=\"Fusteria Padr\u00f3s Llagan wood\"\n\t\t\t><\/iframe>\n\t\t<\/div>\n\t\t\t\t\t\t<\/div>\n\t\t\t\t\t<\/div>\n\t\t<\/div>\n\t\t\t\t\t<\/div>\n\t\t<\/section>\n\t\t\t\t<\/div>\n\t\t","protected":false},"excerpt":{"rendered":"<p>En qu\u00e8 et podem ajudar? Si tens qualsevol consulta, si necessites alguna informaci\u00f3 o aclariment sobre els nostres serveis&#8230; contacta amb Llagan Wood. Ens comprometem a respondre a la major brevetat possible. info@llaganwood.com 972 320 623 627 262 696 625 040 249 whatsapp Informaci\u00f3 b\u00e0sica sobre el tractament de dades &#8211; Reglament (UE) 2016\/679 Llagan<br \/><a class=\"moretag\" href=\"https:\/\/www.llaganwood.com\/es\/contacte\/\">+ Read More<\/a><\/p>","protected":false},"author":1,"featured_media":1683,"parent":0,"menu_order":0,"comment_status":"closed","ping_status":"closed","template":"templates\/page-fullwidth_template.php","meta":{"footnotes":""},"class_list":["post-10","page","type-page","status-publish","has-post-thumbnail","hentry"],"yoast_head":"<!-- This site is optimized with the Yoast SEO Premium plugin v27.2 (Yoast SEO v27.4) - https:\/\/yoast.com\/product\/yoast-seo-premium-wordpress\/ -->\n<title>Contacte - Llagan Wood<\/title>\n<meta name=\"description\" content=\"En qu\u00e8 et podem ajudar? Si tens qualsevol consulta, o necessites informaci\u00f3 o aclariment sobre els nostres serveis, contacta amb Llagan Wood.\" \/>\n<meta name=\"robots\" content=\"index, follow, max-snippet:-1, max-image-preview:large, max-video-preview:-1\" \/>\n<link rel=\"canonical\" href=\"https:\/\/www.llaganwood.com\/es\/contacte\/\" \/>\n<meta property=\"og:locale\" content=\"es_ES\" \/>\n<meta property=\"og:type\" content=\"article\" \/>\n<meta property=\"og:title\" content=\"Contacte\" \/>\n<meta property=\"og:description\" content=\"En qu\u00e8 et podem ajudar? Si tens qualsevol consulta, o necessites informaci\u00f3 o aclariment sobre els nostres serveis, contacta amb Llagan Wood.\" \/>\n<meta property=\"og:url\" content=\"https:\/\/www.llaganwood.com\/es\/contacte\/\" \/>\n<meta property=\"og:site_name\" content=\"Llagan Wood\" \/>\n<meta property=\"article:publisher\" content=\"https:\/\/www.facebook.com\/fusteriapadros\" \/>\n<meta property=\"article:modified_time\" content=\"2024-09-25T08:35:29+00:00\" \/>\n<meta property=\"og:image\" content=\"https:\/\/www.llaganwood.com\/wp-content\/uploads\/2023\/09\/Llagan-Wood-Contacte.jpg\" \/>\n\t<meta property=\"og:image:width\" content=\"1400\" \/>\n\t<meta property=\"og:image:height\" content=\"380\" \/>\n\t<meta property=\"og:image:type\" content=\"image\/jpeg\" \/>\n<meta name=\"twitter:card\" content=\"summary_large_image\" \/>\n<meta name=\"twitter:label1\" content=\"Tiempo de lectura\" \/>\n\t<meta name=\"twitter:data1\" content=\"2 minutos\" \/>\n<script type=\"application\/ld+json\" class=\"yoast-schema-graph\">{\"@context\":\"https:\\\/\\\/schema.org\",\"@graph\":[{\"@type\":\"WebPage\",\"@id\":\"https:\\\/\\\/www.llaganwood.com\\\/contacte\\\/\",\"url\":\"https:\\\/\\\/www.llaganwood.com\\\/contacte\\\/\",\"name\":\"Contacte - Llagan Wood\",\"isPartOf\":{\"@id\":\"https:\\\/\\\/www.llaganwood.com\\\/#website\"},\"primaryImageOfPage\":{\"@id\":\"https:\\\/\\\/www.llaganwood.com\\\/contacte\\\/#primaryimage\"},\"image\":{\"@id\":\"https:\\\/\\\/www.llaganwood.com\\\/contacte\\\/#primaryimage\"},\"thumbnailUrl\":\"https:\\\/\\\/www.llaganwood.com\\\/wp-content\\\/uploads\\\/2023\\\/09\\\/Llagan-Wood-Contacte.jpg\",\"datePublished\":\"2015-07-21T13:23:16+00:00\",\"dateModified\":\"2024-09-25T08:35:29+00:00\",\"description\":\"En qu\u00e8 et podem ajudar? Si tens qualsevol consulta, o necessites informaci\u00f3 o aclariment sobre els nostres serveis, contacta amb Llagan Wood.\",\"breadcrumb\":{\"@id\":\"https:\\\/\\\/www.llaganwood.com\\\/contacte\\\/#breadcrumb\"},\"inLanguage\":\"es\",\"potentialAction\":[{\"@type\":\"ReadAction\",\"target\":[\"https:\\\/\\\/www.llaganwood.com\\\/contacte\\\/\"]}]},{\"@type\":\"ImageObject\",\"inLanguage\":\"es\",\"@id\":\"https:\\\/\\\/www.llaganwood.com\\\/contacte\\\/#primaryimage\",\"url\":\"https:\\\/\\\/www.llaganwood.com\\\/wp-content\\\/uploads\\\/2023\\\/09\\\/Llagan-Wood-Contacte.jpg\",\"contentUrl\":\"https:\\\/\\\/www.llaganwood.com\\\/wp-content\\\/uploads\\\/2023\\\/09\\\/Llagan-Wood-Contacte.jpg\",\"width\":1400,\"height\":380,\"caption\":\"Llagan Wood - Contacte\"},{\"@type\":\"BreadcrumbList\",\"@id\":\"https:\\\/\\\/www.llaganwood.com\\\/contacte\\\/#breadcrumb\",\"itemListElement\":[{\"@type\":\"ListItem\",\"position\":1,\"name\":\"Home\",\"item\":\"https:\\\/\\\/www.llaganwood.com\\\/\"},{\"@type\":\"ListItem\",\"position\":2,\"name\":\"Contacte\"}]},{\"@type\":\"WebSite\",\"@id\":\"https:\\\/\\\/www.llaganwood.com\\\/#website\",\"url\":\"https:\\\/\\\/www.llaganwood.com\\\/\",\"name\":\"Llagan Wood\",\"description\":\"Sant Feliu de Gu\u00edxols\",\"publisher\":{\"@id\":\"https:\\\/\\\/www.llaganwood.com\\\/#organization\"},\"potentialAction\":[{\"@type\":\"SearchAction\",\"target\":{\"@type\":\"EntryPoint\",\"urlTemplate\":\"https:\\\/\\\/www.llaganwood.com\\\/?s={search_term_string}\"},\"query-input\":{\"@type\":\"PropertyValueSpecification\",\"valueRequired\":true,\"valueName\":\"search_term_string\"}}],\"inLanguage\":\"es\"},{\"@type\":\"Organization\",\"@id\":\"https:\\\/\\\/www.llaganwood.com\\\/#organization\",\"name\":\"Llagan Wood\",\"url\":\"https:\\\/\\\/www.llaganwood.com\\\/\",\"logo\":{\"@type\":\"ImageObject\",\"inLanguage\":\"es\",\"@id\":\"https:\\\/\\\/www.llaganwood.com\\\/#\\\/schema\\\/logo\\\/image\\\/\",\"url\":\"https:\\\/\\\/www.llaganwood.com\\\/wp-content\\\/uploads\\\/2022\\\/01\\\/Fusteria-Padros-Llagan-Wood-Logo-Horitzontal.png\",\"contentUrl\":\"https:\\\/\\\/www.llaganwood.com\\\/wp-content\\\/uploads\\\/2022\\\/01\\\/Fusteria-Padros-Llagan-Wood-Logo-Horitzontal.png\",\"width\":260,\"height\":73,\"caption\":\"Llagan Wood\"},\"image\":{\"@id\":\"https:\\\/\\\/www.llaganwood.com\\\/#\\\/schema\\\/logo\\\/image\\\/\"},\"sameAs\":[\"https:\\\/\\\/www.facebook.com\\\/fusteriapadros\",\"https:\\\/\\\/www.instagram.com\\\/llaganwood\\\/\"]}]}<\/script>\n<!-- \/ Yoast SEO Premium plugin. -->","yoast_head_json":{"title":"Contacto - Llagan Wood","description":"En qu\u00e8 et podem ajudar? Si tens qualsevol consulta, o necessites informaci\u00f3 o aclariment sobre els nostres serveis, contacta amb Llagan Wood.","robots":{"index":"index","follow":"follow","max-snippet":"max-snippet:-1","max-image-preview":"max-image-preview:large","max-video-preview":"max-video-preview:-1"},"canonical":"https:\/\/www.llaganwood.com\/es\/contacte\/","og_locale":"es_ES","og_type":"article","og_title":"Contacte","og_description":"En qu\u00e8 et podem ajudar? Si tens qualsevol consulta, o necessites informaci\u00f3 o aclariment sobre els nostres serveis, contacta amb Llagan Wood.","og_url":"https:\/\/www.llaganwood.com\/es\/contacte\/","og_site_name":"Llagan Wood","article_publisher":"https:\/\/www.facebook.com\/fusteriapadros","article_modified_time":"2024-09-25T08:35:29+00:00","og_image":[{"width":1400,"height":380,"url":"https:\/\/www.llaganwood.com\/wp-content\/uploads\/2023\/09\/Llagan-Wood-Contacte.jpg","type":"image\/jpeg"}],"twitter_card":"summary_large_image","twitter_misc":{"Tiempo de lectura":"2 minutos"},"schema":{"@context":"https:\/\/schema.org","@graph":[{"@type":"WebPage","@id":"https:\/\/www.llaganwood.com\/contacte\/","url":"https:\/\/www.llaganwood.com\/contacte\/","name":"Contacto - Llagan Wood","isPartOf":{"@id":"https:\/\/www.llaganwood.com\/#website"},"primaryImageOfPage":{"@id":"https:\/\/www.llaganwood.com\/contacte\/#primaryimage"},"image":{"@id":"https:\/\/www.llaganwood.com\/contacte\/#primaryimage"},"thumbnailUrl":"https:\/\/www.llaganwood.com\/wp-content\/uploads\/2023\/09\/Llagan-Wood-Contacte.jpg","datePublished":"2015-07-21T13:23:16+00:00","dateModified":"2024-09-25T08:35:29+00:00","description":"En qu\u00e8 et podem ajudar? Si tens qualsevol consulta, o necessites informaci\u00f3 o aclariment sobre els nostres serveis, contacta amb Llagan Wood.","breadcrumb":{"@id":"https:\/\/www.llaganwood.com\/contacte\/#breadcrumb"},"inLanguage":"es","potentialAction":[{"@type":"ReadAction","target":["https:\/\/www.llaganwood.com\/contacte\/"]}]},{"@type":"ImageObject","inLanguage":"es","@id":"https:\/\/www.llaganwood.com\/contacte\/#primaryimage","url":"https:\/\/www.llaganwood.com\/wp-content\/uploads\/2023\/09\/Llagan-Wood-Contacte.jpg","contentUrl":"https:\/\/www.llaganwood.com\/wp-content\/uploads\/2023\/09\/Llagan-Wood-Contacte.jpg","width":1400,"height":380,"caption":"Llagan Wood - Contacte"},{"@type":"BreadcrumbList","@id":"https:\/\/www.llaganwood.com\/contacte\/#breadcrumb","itemListElement":[{"@type":"ListItem","position":1,"name":"Home","item":"https:\/\/www.llaganwood.com\/"},{"@type":"ListItem","position":2,"name":"Contacte"}]},{"@type":"WebSite","@id":"https:\/\/www.llaganwood.com\/#website","url":"https:\/\/www.llaganwood.com\/","name":"Llagan Wood","description":"Sant Feliu de Gu\u00edxols","publisher":{"@id":"https:\/\/www.llaganwood.com\/#organization"},"potentialAction":[{"@type":"SearchAction","target":{"@type":"EntryPoint","urlTemplate":"https:\/\/www.llaganwood.com\/?s={search_term_string}"},"query-input":{"@type":"PropertyValueSpecification","valueRequired":true,"valueName":"search_term_string"}}],"inLanguage":"es"},{"@type":"Organization","@id":"https:\/\/www.llaganwood.com\/#organization","name":"Llagan Wood","url":"https:\/\/www.llaganwood.com\/","logo":{"@type":"ImageObject","inLanguage":"es","@id":"https:\/\/www.llaganwood.com\/#\/schema\/logo\/image\/","url":"https:\/\/www.llaganwood.com\/wp-content\/uploads\/2022\/01\/Fusteria-Padros-Llagan-Wood-Logo-Horitzontal.png","contentUrl":"https:\/\/www.llaganwood.com\/wp-content\/uploads\/2022\/01\/Fusteria-Padros-Llagan-Wood-Logo-Horitzontal.png","width":260,"height":73,"caption":"Llagan Wood"},"image":{"@id":"https:\/\/www.llaganwood.com\/#\/schema\/logo\/image\/"},"sameAs":["https:\/\/www.facebook.com\/fusteriapadros","https:\/\/www.instagram.com\/llaganwood\/"]}]}},"_links":{"self":[{"href":"https:\/\/www.llaganwood.com\/es\/wp-json\/wp\/v2\/pages\/10","targetHints":{"allow":["GET"]}}],"collection":[{"href":"https:\/\/www.llaganwood.com\/es\/wp-json\/wp\/v2\/pages"}],"about":[{"href":"https:\/\/www.llaganwood.com\/es\/wp-json\/wp\/v2\/types\/page"}],"author":[{"embeddable":true,"href":"https:\/\/www.llaganwood.com\/es\/wp-json\/wp\/v2\/users\/1"}],"replies":[{"embeddable":true,"href":"https:\/\/www.llaganwood.com\/es\/wp-json\/wp\/v2\/comments?post=10"}],"version-history":[{"count":0,"href":"https:\/\/www.llaganwood.com\/es\/wp-json\/wp\/v2\/pages\/10\/revisions"}],"wp:featuredmedia":[{"embeddable":true,"href":"https:\/\/www.llaganwood.com\/es\/wp-json\/wp\/v2\/media\/1683"}],"wp:attachment":[{"href":"https:\/\/www.llaganwood.com\/es\/wp-json\/wp\/v2\/media?parent=10"}],"curies":[{"name":"wp","href":"https:\/\/api.w.org\/{rel}","templated":true}]}}